{"id":55,"date":"2020-04-13T11:18:48","date_gmt":"2020-04-13T11:18:48","guid":{"rendered":"https:\/\/sparcintl.com\/contact\/"},"modified":"2021-02-02T18:01:50","modified_gmt":"2021-02-02T18:01:50","slug":"contact-client-form-performing-arts-consultants-sparc-intl","status":"publish","type":"page","link":"https:\/\/sparcintl.com\/fr\/contact-client-form-performing-arts-consultants-sparc-intl\/","title":{"rendered":"Contacte"},"content":{"rendered":"<div data-elementor-type=\"wp-page\" data-elementor-id=\"55\" class=\"elementor elementor-55\" data-elementor-settings=\"[]\">\n\t\t\t\t\t\t<div class=\"elementor-inner\">\n\t\t\t\t\t\t\t<div class=\"elementor-section-wrap\">\n\t\t\t\t\t\t\t<section class=\"elementor-section elementor-top-section elementor-element elementor-element-ede6f42 elementor-section-boxed elementor-section-height-default elementor-section-height-default\" data-id=\"ede6f42\" data-element_type=\"section\" data-settings=\"{&quot;background_background&quot;:&quot;classic&quot;}\">\n\t\t\t\t\t\t\t<div class=\"elementor-background-overlay\"><\/div>\n\t\t\t\t\t\t\t<div class=\"elementor-container elementor-column-gap-default\">\n\t\t\t\t\t\t\t<div class=\"elementor-row\">\n\t\t\t\t\t<div class=\"elementor-column elementor-col-100 elementor-top-column elementor-element elementor-element-bc6a053\" data-id=\"bc6a053\" data-element_type=\"column\">\n\t\t\t<div class=\"elementor-column-wrap elementor-element-populated\">\n\t\t\t\t\t\t\t<div class=\"elementor-widget-wrap\">\n\t\t\t\t\t\t<div class=\"elementor-element elementor-element-32a6ad1b elementor-widget elementor-widget-heading\" data-id=\"32a6ad1b\" data-element_type=\"widget\" data-widget_type=\"heading.default\">\n\t\t\t\t<div class=\"elementor-widget-container\">\n\t\t\t<h1 class=\"elementor-heading-title elementor-size-default\">Contacte<\/h1>\t\t<\/div>\n\t\t\t\t<\/div>\n\t\t\t\t\t\t<\/div>\n\t\t\t\t\t<\/div>\n\t\t<\/div>\n\t\t\t\t\t\t\t\t<\/div>\n\t\t\t\t\t<\/div>\n\t\t<\/section>\n\t\t\t\t<section class=\"elementor-section elementor-top-section elementor-element elementor-element-29b02a85 elementor-section-content-top elementor-section-boxed elementor-section-height-default elementor-section-height-default\" data-id=\"29b02a85\" data-element_type=\"section\">\n\t\t\t\t\t\t<div class=\"elementor-container elementor-column-gap-no\">\n\t\t\t\t\t\t\t<div class=\"elementor-row\">\n\t\t\t\t\t<div class=\"elementor-column elementor-col-50 elementor-top-column elementor-element elementor-element-30c96c92\" data-id=\"30c96c92\" data-element_type=\"column\">\n\t\t\t<div class=\"elementor-column-wrap elementor-element-populated\">\n\t\t\t\t\t\t\t<div class=\"elementor-widget-wrap\">\n\t\t\t\t\t\t<div class=\"elementor-element elementor-element-552c4f6 elementor-widget elementor-widget-heading\" data-id=\"552c4f6\" data-element_type=\"widget\" data-widget_type=\"heading.default\">\n\t\t\t\t<div class=\"elementor-widget-container\">\n\t\t\t<h2 class=\"elementor-heading-title elementor-size-default\">Entrer en Contact<\/h2>\t\t<\/div>\n\t\t\t\t<\/div>\n\t\t\t\t<div class=\"elementor-element elementor-element-ff1c11b elementor-widget elementor-widget-heading\" data-id=\"ff1c11b\" data-element_type=\"widget\" data-widget_type=\"heading.default\">\n\t\t\t\t<div class=\"elementor-widget-container\">\n\t\t\t<h3 class=\"elementor-heading-title elementor-size-default\">Courriel<\/h3>\t\t<\/div>\n\t\t\t\t<\/div>\n\t\t\t\t<div class=\"elementor-element elementor-element-4e3eee7 elementor-icon-list--layout-traditional elementor-list-item-link-full_width elementor-widget elementor-widget-icon-list\" data-id=\"4e3eee7\" data-element_type=\"widget\" data-widget_type=\"icon-list.default\">\n\t\t\t\t<div class=\"elementor-widget-container\">\n\t\t\t\t\t<ul class=\"elementor-icon-list-items\">\n\t\t\t\t\t\t\t<li class=\"elementor-icon-list-item\">\n\t\t\t\t\t<a href=\"mailto:info@sparcintl.com\">\t\t\t\t\t\t<span class=\"elementor-icon-list-icon\">\n\t\t\t\t\t\t\t<i aria-hidden=\"true\" class=\"fas fa-info-circle\"><\/i>\t\t\t\t\t\t<\/span>\n\t\t\t\t\t\t\t\t\t\t<span class=\"elementor-icon-list-text\">info@sparcintl.com<\/span>\n\t\t\t\t\t\t\t\t\t\t\t<\/a>\n\t\t\t\t\t\t\t\t\t<\/li>\n\t\t\t\t\t\t<\/ul>\n\t\t\t\t<\/div>\n\t\t\t\t<\/div>\n\t\t\t\t<div class=\"elementor-element elementor-element-1a11444 elementor-align-left animated-slow elementor-invisible elementor-widget elementor-widget-button\" data-id=\"1a11444\" data-element_type=\"widget\" data-settings=\"{&quot;_animation&quot;:&quot;fadeIn&quot;}\" data-widget_type=\"button.default\">\n\t\t\t\t<div class=\"elementor-widget-container\">\n\t\t\t\t\t<div class=\"elementor-button-wrapper\">\n\t\t\t<a href=\"https:\/\/sparcintl.com\/wp-content\/uploads\/2020\/10\/REGISTRATION-CLIENT-FORM-SPARC-INTL-5-1.docx\" target=\"_blank\" class=\"elementor-button-link elementor-button elementor-size-xs elementor-animation-grow\" role=\"button\">\n\t\t\t\t\t\t<span class=\"elementor-button-content-wrapper\">\n\t\t\t\t\t\t<span class=\"elementor-button-text\">FORMULAIRE CLIENT<br><br>T\u00c9L\u00c9CHARGER \/ REMPLIR<br><br>ENVOY\u00c9 PAR COURRIEL<\/span>\n\t\t<\/span>\n\t\t\t\t\t<\/a>\n\t\t<\/div>\n\t\t\t\t<\/div>\n\t\t\t\t<\/div>\n\t\t\t\t\t\t<\/div>\n\t\t\t\t\t<\/div>\n\t\t<\/div>\n\t\t\t\t<div class=\"elementor-column elementor-col-50 elementor-top-column elementor-element elementor-element-f174397\" data-id=\"f174397\" data-element_type=\"column\">\n\t\t\t<div class=\"elementor-column-wrap elementor-element-populated\">\n\t\t\t\t\t\t\t<div class=\"elementor-widget-wrap\">\n\t\t\t\t\t\t<div class=\"elementor-element elementor-element-ec668b3 elementor-widget elementor-widget-heading\" data-id=\"ec668b3\" data-element_type=\"widget\" data-widget_type=\"heading.default\">\n\t\t\t\t<div class=\"elementor-widget-container\">\n\t\t\t<h2 class=\"elementor-heading-title elementor-size-default\">Envoie-Nous Un Message<\/h2>\t\t<\/div>\n\t\t\t\t<\/div>\n\t\t\t\t<div class=\"elementor-element elementor-element-6af7d36 elementor-widget elementor-widget-shortcode\" data-id=\"6af7d36\" data-element_type=\"widget\" data-widget_type=\"shortcode.default\">\n\t\t\t\t<div class=\"elementor-widget-container\">\n\t\t\t\t\t<div class=\"elementor-shortcode\"><div class=\"wpforms-container wpforms-container-full\" id=\"wpforms-33\"><form id=\"wpforms-form-33\" class=\"wpforms-validate wpforms-form\" data-formid=\"33\" method=\"post\" enctype=\"multipart\/form-data\" action=\"\/fr\/wp-json\/wp\/v2\/pages\/55\" data-token=\"f31d72f09b584269d4b676732a335103\" data-trp-original-action=\"\/fr\/wp-json\/wp\/v2\/pages\/55\"><noscript class=\"wpforms-error-noscript\">Please enable JavaScript in your browser to complete this form.<\/noscript><div class=\"wpforms-field-container\"><div id=\"wpforms-33-field_3-container\" class=\"wpforms-field wpforms-field-name\" data-field-id=\"3\"><label class=\"wpforms-field-label wpforms-label-hide\" for=\"wpforms-33-field_3\">Nom <span class=\"wpforms-required-label\">*<\/span><\/label><input type=\"text\" id=\"wpforms-33-field_3\" class=\"wpforms-field-large wpforms-field-required\" name=\"wpforms[fields][3]\" placeholder=\"Nom\" required><\/div><div id=\"wpforms-33-field_4-container\" class=\"wpforms-field wpforms-field-name\" data-field-id=\"4\"><label class=\"wpforms-field-label wpforms-label-hide\" for=\"wpforms-33-field_4\">Num\u00e9ro De T\u00e9l\u00e9phone <span class=\"wpforms-required-label\">*<\/span><\/label><input type=\"text\" id=\"wpforms-33-field_4\" class=\"wpforms-field-large wpforms-field-required\" name=\"wpforms[fields][4]\" placeholder=\"Num\u00e9ro De T\u00e9l\u00e9phone\" required><\/div><div id=\"wpforms-33-field_1-container\" class=\"wpforms-field wpforms-field-email\" data-field-id=\"1\"><label class=\"wpforms-field-label wpforms-label-hide\" for=\"wpforms-33-field_1\">Courriel <span class=\"wpforms-required-label\">*<\/span><\/label><input type=\"email\" id=\"wpforms-33-field_1\" class=\"wpforms-field-large wpforms-field-required\" name=\"wpforms[fields][1]\" placeholder=\"Courriel\" required><\/div><div id=\"wpforms-33-field_5-container\" class=\"wpforms-field wpforms-field-textarea\" data-field-id=\"5\"><label class=\"wpforms-field-label wpforms-label-hide\" for=\"wpforms-33-field_5\">Message<\/label><textarea id=\"wpforms-33-field_5\" class=\"wpforms-field-medium\" name=\"wpforms[fields][5]\" placeholder=\"Message\" ><\/textarea><\/div><\/div><div class=\"wpforms-field wpforms-field-hp\"><label for=\"wpforms-33-field-hp\" class=\"wpforms-field-label\">Courriel<\/label><input type=\"text\" name=\"wpforms[hp]\" id=\"wpforms-33-field-hp\" class=\"wpforms-field-medium\"><\/div><div class=\"wpforms-submit-container\" ><input type=\"hidden\" name=\"wpforms[id]\" value=\"33\"><input type=\"hidden\" name=\"wpforms[author]\" value=\"1\"><button type=\"submit\" name=\"wpforms[submit]\" class=\"wpforms-submit\" id=\"wpforms-submit-33\" value=\"wpforms-submit\" aria-live=\"assertive\" data-alt-text=\"Sending...\" data-submit-text=\"Submit\">SOUMETTRE<\/button><\/div><input type=\"hidden\" name=\"trp-form-language\" value=\"fr\"\/><\/form><\/div>  <!-- .wpforms-container --><\/div>\n\t\t\t\t<\/div>\n\t\t\t\t<\/div>\n\t\t\t\t\t\t<\/div>\n\t\t\t\t\t<\/div>\n\t\t<\/div>\n\t\t\t\t\t\t\t\t<\/div>\n\t\t\t\t\t<\/div>\n\t\t<\/section>\n\t\t\t\t<section class=\"elementor-section elementor-top-section elementor-element elementor-element-56d42b9b elementor-section-full_width elementor-section-height-default elementor-section-height-default\" data-id=\"56d42b9b\" data-element_type=\"section\">\n\t\t\t\t\t\t<div class=\"elementor-container elementor-column-gap-default\">\n\t\t\t\t\t\t\t<div class=\"elementor-row\">\n\t\t\t\t\t<div class=\"elementor-column elementor-col-100 elementor-top-column elementor-element elementor-element-6513eb05\" data-id=\"6513eb05\" data-element_type=\"column\">\n\t\t\t<div class=\"elementor-column-wrap elementor-element-populated\">\n\t\t\t\t\t\t\t<div class=\"elementor-widget-wrap\">\n\t\t\t\t\t\t<div class=\"elementor-element elementor-element-14675dc8 elementor-widget elementor-widget-google_maps\" data-id=\"14675dc8\" data-element_type=\"widget\" data-widget_type=\"google_maps.default\">\n\t\t\t\t<div class=\"elementor-widget-container\">\n\t\t\t\t\t<div class=\"elementor-custom-embed\">\n\t\t\t<iframe frameborder=\"0\" scrolling=\"no\" marginheight=\"0\" marginwidth=\"0\" src=\"https:\/\/maps.google.com\/maps?q=Montreal&amp;t=m&amp;z=12&amp;output=embed&amp;iwloc=near\" title=\"%3$s\" aria-label=\"%3$s\"><\/iframe>\n\t\t<\/div>\n\t\t\t\t<\/div>\n\t\t\t\t<\/div>\n\t\t\t\t\t\t<\/div>\n\t\t\t\t\t<\/div>\n\t\t<\/div>\n\t\t\t\t\t\t\t\t<\/div>\n\t\t\t\t\t<\/div>\n\t\t<\/section>\n\t\t\t\t\t\t<\/div>\n\t\t\t\t\t\t<\/div>\n\t\t\t\t\t<\/div>","protected":false},"excerpt":{"rendered":"<p>Contact Get in Touch Email info@sparcintl.com Client Form Download \/ Fill in send by email Send Us a Message<\/p>","protected":false},"author":1,"featured_media":0,"parent":0,"menu_order":0,"comment_status":"closed","ping_status":"closed","template":"","meta":[],"yoast_head":"<!-- This site is optimized with the Yoast SEO plugin v16.7 - https:\/\/yoast.com\/wordpress\/plugins\/seo\/ -->\n<title>Contact Client Form - Performing Arts Consultants - Sparc Intl<\/title>\n<meta name=\"description\" content=\"Contact us for further information about our services to better understand how we can guide and help your career filling in the Client form.\" \/>\n<meta name=\"robots\" content=\"index, follow, max-snippet:-1, max-image-preview:large, max-video-preview:-1\" \/>\n<link rel=\"canonical\" href=\"https:\/\/sparcintl.com\/fr\/contact-client-form-performing-arts-consultants-sparc-intl\/\" \/>\n<meta property=\"og:locale\" content=\"fr_CA\" \/>\n<meta property=\"og:type\" content=\"article\" \/>\n<meta property=\"og:title\" content=\"Stage Perforning Arts Consultant\" \/>\n<meta property=\"og:description\" content=\"Share our expertise and knowledge in order to support the living art industry and empower its artisans to prosper in their chosen career\" \/>\n<meta property=\"og:url\" content=\"https:\/\/sparcintl.com\/fr\/contact-client-form-performing-arts-consultants-sparc-intl\/\" \/>\n<meta property=\"og:site_name\" content=\"Sparc Intl\" \/>\n<meta property=\"article:modified_time\" content=\"2021-02-02T18:01:50+00:00\" \/>\n<meta property=\"og:image\" content=\"https:\/\/sparcintl.com\/wp-content\/uploads\/2020\/09\/Sparc_logo01-e1601859003541.png\" \/>\n\t<meta property=\"og:image:width\" content=\"300\" \/>\n\t<meta property=\"og:image:height\" content=\"300\" \/>\n<meta name=\"twitter:card\" content=\"summary_large_image\" \/>\n<meta name=\"twitter:title\" content=\"Stage Perforning Arts Consultant\" \/>\n<meta name=\"twitter:description\" content=\"Share our expertise and knowledge in order to support the living art industry and empower its artisans to prosper in their chosen career\" \/>\n<meta name=\"twitter:image\" content=\"https:\/\/sparcintl.com\/wp-content\/uploads\/2020\/09\/Sparc_logo01-e1601859003541.png\" \/>\n<meta name=\"twitter:label1\" content=\"Estimation du temps de lecture\" \/>\n\t<meta name=\"twitter:data1\" content=\"1 minute\" \/>\n<script type=\"application\/ld+json\" class=\"yoast-schema-graph\">{\"@context\":\"https:\/\/schema.org\",\"@graph\":[{\"@type\":\"Organization\",\"@id\":\"https:\/\/sparcintl.com\/#organization\",\"name\":\"Sparc International\",\"url\":\"https:\/\/sparcintl.com\/\",\"sameAs\":[],\"logo\":{\"@type\":\"ImageObject\",\"@id\":\"https:\/\/sparcintl.com\/#logo\",\"inLanguage\":\"fr-CA\",\"url\":\"\",\"contentUrl\":\"\",\"caption\":\"Sparc International\"},\"image\":{\"@id\":\"https:\/\/sparcintl.com\/#logo\"}},{\"@type\":\"WebSite\",\"@id\":\"https:\/\/sparcintl.com\/#website\",\"url\":\"https:\/\/sparcintl.com\/\",\"name\":\"Sparc Intl\",\"description\":\"Performing Arts Consultants\",\"publisher\":{\"@id\":\"https:\/\/sparcintl.com\/#organization\"},\"potentialAction\":[{\"@type\":\"SearchAction\",\"target\":{\"@type\":\"EntryPoint\",\"urlTemplate\":\"https:\/\/sparcintl.com\/?s={search_term_string}\"},\"query-input\":\"required name=search_term_string\"}],\"inLanguage\":\"fr-CA\"},{\"@type\":\"ImageObject\",\"@id\":\"https:\/\/sparcintl.com\/contact-client-form-performing-arts-consultants-sparc-intl\/#primaryimage\",\"inLanguage\":\"fr-CA\",\"url\":\"https:\/\/sparcintl.com\/wp-content\/uploads\/2020\/09\/Sparc_logo01-e1601859003541.png\",\"contentUrl\":\"https:\/\/sparcintl.com\/wp-content\/uploads\/2020\/09\/Sparc_logo01-e1601859003541.png\",\"width\":300,\"height\":300},{\"@type\":\"WebPage\",\"@id\":\"https:\/\/sparcintl.com\/contact-client-form-performing-arts-consultants-sparc-intl\/#webpage\",\"url\":\"https:\/\/sparcintl.com\/contact-client-form-performing-arts-consultants-sparc-intl\/\",\"name\":\"Contact Client Form - Performing Arts Consultants - Sparc Intl\",\"isPartOf\":{\"@id\":\"https:\/\/sparcintl.com\/#website\"},\"datePublished\":\"2020-04-13T11:18:48+00:00\",\"dateModified\":\"2021-02-02T18:01:50+00:00\",\"description\":\"Contact us for further information about our services to better understand how we can guide and help your career filling in the Client form.\",\"breadcrumb\":{\"@id\":\"https:\/\/sparcintl.com\/contact-client-form-performing-arts-consultants-sparc-intl\/#breadcrumb\"},\"inLanguage\":\"fr-CA\",\"potentialAction\":[{\"@type\":\"ReadAction\",\"target\":[\"https:\/\/sparcintl.com\/contact-client-form-performing-arts-consultants-sparc-intl\/\"]}]},{\"@type\":\"BreadcrumbList\",\"@id\":\"https:\/\/sparcintl.com\/contact-client-form-performing-arts-consultants-sparc-intl\/#breadcrumb\",\"itemListElement\":[{\"@type\":\"ListItem\",\"position\":1,\"name\":\"Home\",\"item\":\"https:\/\/sparcintl.com\/\"},{\"@type\":\"ListItem\",\"position\":2,\"name\":\"Contact\"}]}]}<\/script>\n<!-- \/ Yoast SEO plugin. -->","yoast_head_json":{"title":"Contact Client Form - Performing Arts Consultants - Sparc Intl","description":"Contact us for further information about our services to better understand how we can guide and help your career filling in the Client form.","robots":{"index":"index","follow":"follow","max-snippet":"max-snippet:-1","max-image-preview":"max-image-preview:large","max-video-preview":"max-video-preview:-1"},"canonical":"https:\/\/sparcintl.com\/fr\/contact-client-form-performing-arts-consultants-sparc-intl\/","og_locale":"fr_CA","og_type":"article","og_title":"Stage Perforning Arts Consultant","og_description":"Share our expertise and knowledge in order to support the living art industry and empower its artisans to prosper in their chosen career","og_url":"https:\/\/sparcintl.com\/fr\/contact-client-form-performing-arts-consultants-sparc-intl\/","og_site_name":"Sparc Intl","article_modified_time":"2021-02-02T18:01:50+00:00","og_image":[{"width":300,"height":300,"url":"https:\/\/sparcintl.com\/wp-content\/uploads\/2020\/09\/Sparc_logo01-e1601859003541.png","path":"\/home\/sparcintl\/public_html\/wp-content\/uploads\/2020\/09\/Sparc_logo01-e1601859003541.png","size":"full","id":"615","alt":"","pixels":90000,"type":"image\/png"}],"twitter_card":"summary_large_image","twitter_title":"Stage Perforning Arts Consultant","twitter_description":"Share our expertise and knowledge in order to support the living art industry and empower its artisans to prosper in their chosen career","twitter_image":"https:\/\/sparcintl.com\/wp-content\/uploads\/2020\/09\/Sparc_logo01-e1601859003541.png","twitter_misc":{"Estimation du temps de lecture":"1 minute"},"schema":{"@context":"https:\/\/schema.org","@graph":[{"@type":"Organization","@id":"https:\/\/sparcintl.com\/#organization","name":"Sparc International","url":"https:\/\/sparcintl.com\/","sameAs":[],"logo":{"@type":"ImageObject","@id":"https:\/\/sparcintl.com\/#logo","inLanguage":"fr-CA","url":"","contentUrl":"","caption":"Sparc International"},"image":{"@id":"https:\/\/sparcintl.com\/#logo"}},{"@type":"WebSite","@id":"https:\/\/sparcintl.com\/#website","url":"https:\/\/sparcintl.com\/","name":"Sparc Intl","description":"Performing Arts Consultants","publisher":{"@id":"https:\/\/sparcintl.com\/#organization"},"potentialAction":[{"@type":"SearchAction","target":{"@type":"EntryPoint","urlTemplate":"https:\/\/sparcintl.com\/?s={search_term_string}"},"query-input":"required name=search_term_string"}],"inLanguage":"fr-CA"},{"@type":"ImageObject","@id":"https:\/\/sparcintl.com\/contact-client-form-performing-arts-consultants-sparc-intl\/#primaryimage","inLanguage":"fr-CA","url":"https:\/\/sparcintl.com\/wp-content\/uploads\/2020\/09\/Sparc_logo01-e1601859003541.png","contentUrl":"https:\/\/sparcintl.com\/wp-content\/uploads\/2020\/09\/Sparc_logo01-e1601859003541.png","width":300,"height":300},{"@type":"WebPage","@id":"https:\/\/sparcintl.com\/contact-client-form-performing-arts-consultants-sparc-intl\/#webpage","url":"https:\/\/sparcintl.com\/contact-client-form-performing-arts-consultants-sparc-intl\/","name":"Contact Client Form - Performing Arts Consultants - Sparc Intl","isPartOf":{"@id":"https:\/\/sparcintl.com\/#website"},"datePublished":"2020-04-13T11:18:48+00:00","dateModified":"2021-02-02T18:01:50+00:00","description":"Contact us for further information about our services to better understand how we can guide and help your career filling in the Client form.","breadcrumb":{"@id":"https:\/\/sparcintl.com\/contact-client-form-performing-arts-consultants-sparc-intl\/#breadcrumb"},"inLanguage":"fr-CA","potentialAction":[{"@type":"ReadAction","target":["https:\/\/sparcintl.com\/contact-client-form-performing-arts-consultants-sparc-intl\/"]}]},{"@type":"BreadcrumbList","@id":"https:\/\/sparcintl.com\/contact-client-form-performing-arts-consultants-sparc-intl\/#breadcrumb","itemListElement":[{"@type":"ListItem","position":1,"name":"Home","item":"https:\/\/sparcintl.com\/"},{"@type":"ListItem","position":2,"name":"Contact"}]}]}},"_links":{"self":[{"href":"https:\/\/sparcintl.com\/fr\/wp-json\/wp\/v2\/pages\/55"}],"collection":[{"href":"https:\/\/sparcintl.com\/fr\/wp-json\/wp\/v2\/pages"}],"about":[{"href":"https:\/\/sparcintl.com\/fr\/wp-json\/wp\/v2\/types\/page"}],"author":[{"embeddable":true,"href":"https:\/\/sparcintl.com\/fr\/wp-json\/wp\/v2\/users\/1"}],"replies":[{"embeddable":true,"href":"https:\/\/sparcintl.com\/fr\/wp-json\/wp\/v2\/comments?post=55"}],"version-history":[{"count":26,"href":"https:\/\/sparcintl.com\/fr\/wp-json\/wp\/v2\/pages\/55\/revisions"}],"predecessor-version":[{"id":1564,"href":"https:\/\/sparcintl.com\/fr\/wp-json\/wp\/v2\/pages\/55\/revisions\/1564"}],"wp:attachment":[{"href":"https:\/\/sparcintl.com\/fr\/wp-json\/wp\/v2\/media?parent=55"}],"curies":[{"name":"wp","href":"https:\/\/api.w.org\/{rel}","templated":true}]}}