{"id":442,"date":"2020-09-01T09:35:37","date_gmt":"2020-09-01T09:35:37","guid":{"rendered":"https:\/\/sparcintl.com\/?page_id=442"},"modified":"2020-12-04T13:06:50","modified_gmt":"2020-12-04T13:06:50","slug":"referrals-artistically-technically-production-performing-arts-consultants-sparc-intl","status":"publish","type":"page","link":"https:\/\/sparcintl.com\/fr\/referrals-artistically-technically-production-performing-arts-consultants-sparc-intl\/","title":{"rendered":"R\u00e9f\u00e9rences"},"content":{"rendered":"<div data-elementor-type=\"wp-page\" data-elementor-id=\"442\" class=\"elementor elementor-442\" data-elementor-settings=\"[]\">\n\t\t\t\t\t\t<div class=\"elementor-inner\">\n\t\t\t\t\t\t\t<div class=\"elementor-section-wrap\">\n\t\t\t\t\t\t\t<section class=\"elementor-section elementor-top-section elementor-element elementor-element-4b5d1433 elementor-section-boxed elementor-section-height-default elementor-section-height-default\" data-id=\"4b5d1433\" data-element_type=\"section\" data-settings=\"{&quot;background_background&quot;:&quot;classic&quot;}\">\n\t\t\t\t\t\t\t<div class=\"elementor-background-overlay\"><\/div>\n\t\t\t\t\t\t\t<div class=\"elementor-container elementor-column-gap-default\">\n\t\t\t\t\t\t\t<div class=\"elementor-row\">\n\t\t\t\t\t<div class=\"elementor-column elementor-col-100 elementor-top-column elementor-element elementor-element-c3ef13d\" data-id=\"c3ef13d\" data-element_type=\"column\">\n\t\t\t<div class=\"elementor-column-wrap elementor-element-populated\">\n\t\t\t\t\t\t\t<div class=\"elementor-widget-wrap\">\n\t\t\t\t\t\t<div class=\"elementor-element elementor-element-65dbbd58 elementor-widget elementor-widget-heading\" data-id=\"65dbbd58\" data-element_type=\"widget\" data-widget_type=\"heading.default\">\n\t\t\t\t<div class=\"elementor-widget-container\">\n\t\t\t<h1 class=\"elementor-heading-title elementor-size-default\">R\u00e9f\u00e9rences <\/h1>\t\t<\/div>\n\t\t\t\t<\/div>\n\t\t\t\t\t\t<\/div>\n\t\t\t\t\t<\/div>\n\t\t<\/div>\n\t\t\t\t\t\t\t\t<\/div>\n\t\t\t\t\t<\/div>\n\t\t<\/section>\n\t\t\t\t<section class=\"elementor-section elementor-top-section elementor-element elementor-element-5843ad73 elementor-section-boxed elementor-section-height-default elementor-section-height-default\" data-id=\"5843ad73\" data-element_type=\"section\" data-settings=\"{&quot;background_background&quot;:&quot;classic&quot;}\">\n\t\t\t\t\t\t<div class=\"elementor-container elementor-column-gap-default\">\n\t\t\t\t\t\t\t<div class=\"elementor-row\">\n\t\t\t\t\t<div class=\"elementor-column elementor-col-33 elementor-top-column elementor-element elementor-element-211226c7\" data-id=\"211226c7\" data-element_type=\"column\">\n\t\t\t<div class=\"elementor-column-wrap elementor-element-populated\">\n\t\t\t\t\t\t\t<div class=\"elementor-widget-wrap\">\n\t\t\t\t\t\t<div class=\"elementor-element elementor-element-6aa9c922 elementor-flip-box--effect-fade elementor-widget elementor-widget-flip-box\" data-id=\"6aa9c922\" data-element_type=\"widget\" data-widget_type=\"flip-box.default\">\n\t\t\t\t<div class=\"elementor-widget-container\">\n\t\t\t\t\t<div class=\"elementor-flip-box\">\n\t\t\t<div class=\"elementor-flip-box__layer elementor-flip-box__front\">\n\t\t\t\t<div class=\"elementor-flip-box__layer__overlay\">\n\t\t\t\t\t<div class=\"elementor-flip-box__layer__inner\">\n\t\t\t\t\t\t\t\t\t\t\t\t\t<div class=\"elementor-flip-box__image\">\n\t\t\t\t\t\t\t\t<img width=\"500\" height=\"500\" src=\"https:\/\/sparcintl.com\/wp-content\/uploads\/2020\/09\/circle-gold-logo-final-e1599518121893.png\" class=\"attachment-full size-full\" alt=\"\" loading=\"lazy\" \/>\t\t\t\t\t\t\t<\/div>\n\t\t\t\t\t\t\n\t\t\t\t\t\t\t\t\t\t\t\t\t<h3 class=\"elementor-flip-box__layer__title\">\n\t\t\t\t\t\t\t\tINTERNATIONALE CASTING AGENCE\t\t\t\t\t\t\t<\/h3>\n\t\t\t\t\t\t\n\t\t\t\t\t\t\t\t\t\t\t<\/div>\n\t\t\t\t<\/div>\n\t\t\t<\/div>\n\t\t\t<a class=\"elementor-flip-box__layer elementor-flip-box__back\" href=\"https:\/\/www.internationalcastingagency.com\/\" target=\"_blank\">\n\t\t\t<div class=\"elementor-flip-box__layer__overlay\">\n\t\t\t\t<div class=\"elementor-flip-box__layer__inner\">\n\t\t\t\t\t\n\t\t\t\t\t\t\t\t\t\t\t<div class=\"elementor-flip-box__layer__description\">\n\t\t\t\t\t\t\tICA se sp\u00e9cialise dans les arts du cirque, les athl\u00e8tes, les danseurs, les acteurs, les musiciens et les chanteurs. Il d\u00e9veloppe continuellement une base de donn\u00e9es ind\u00e9pendante d\u2019artistes interpr\u00e8tes de la plus haute qualit\u00e9, afin de fournir les meilleurs services de casting sur le march\u00e9.\n\t\t\t\t\t\t<\/div>\n\t\t\t\t\t\n\t\t\t\t\t\t\t\t<\/div>\n\t\t<\/div>\n\t\t<\/a>\n\t\t<\/div>\n\t\t\t\t<\/div>\n\t\t\t\t<\/div>\n\t\t\t\t\t\t<\/div>\n\t\t\t\t\t<\/div>\n\t\t<\/div>\n\t\t\t\t<div class=\"elementor-column elementor-col-33 elementor-top-column elementor-element elementor-element-3390bb\" data-id=\"3390bb\" data-element_type=\"column\" data-settings=\"{&quot;background_background&quot;:&quot;classic&quot;}\">\n\t\t\t<div class=\"elementor-column-wrap elementor-element-populated\">\n\t\t\t\t\t\t\t<div class=\"elementor-widget-wrap\">\n\t\t\t\t\t\t<div class=\"elementor-element elementor-element-746c5ab3 elementor-flip-box--effect-fade elementor-widget elementor-widget-flip-box\" data-id=\"746c5ab3\" data-element_type=\"widget\" data-widget_type=\"flip-box.default\">\n\t\t\t\t<div class=\"elementor-widget-container\">\n\t\t\t\t\t<div class=\"elementor-flip-box\">\n\t\t\t<div class=\"elementor-flip-box__layer elementor-flip-box__front\">\n\t\t\t\t<div class=\"elementor-flip-box__layer__overlay\">\n\t\t\t\t\t<div class=\"elementor-flip-box__layer__inner\">\n\t\t\t\t\t\t\t\t\t\t\t\t\t<div class=\"elementor-icon-wrapper elementor-view-default\">\n\t\t\t\t\t\t\t\t<div class=\"elementor-icon\">\n\t\t\t\t\t\t\t\t\t<i class=\"fas fa-theater-masks\"><\/i>\t\t\t\t\t\t\t\t<\/div>\n\t\t\t\t\t\t\t<\/div>\n\t\t\t\t\t\t\n\t\t\t\t\t\t\t\t\t\t\t\t\t<h3 class=\"elementor-flip-box__layer__title\">\n\t\t\t\t\t\t\t\tARTISTIQUE \t\t\t\t\t\t\t<\/h3>\n\t\t\t\t\t\t\n\t\t\t\t\t\t\t\t\t\t\t<\/div>\n\t\t\t\t<\/div>\n\t\t\t<\/div>\n\t\t\t<div class=\"elementor-flip-box__layer elementor-flip-box__back\">\n\t\t\t<div class=\"elementor-flip-box__layer__overlay\">\n\t\t\t\t<div class=\"elementor-flip-box__layer__inner\">\n\t\t\t\t\t\n\t\t\t\t\t\t\t\t\t\t\t<div class=\"elementor-flip-box__layer__description\">\n\t\t\t\t\t\t\t<ul>\n<li>Conception de Costumes<\/li>\n<li>Compositeurs<\/li>\n<li>Conception de Maquillages<\/li>\n<li>Coach Vocal<\/li>\n<li>Coach Artistique<\/li>\n<li>Coach Acrobatique<\/li>\n<li>Conception D\u2019\u00e9clairages<\/li>\n<li>Concepteur Vid\u00e9o<\/li>\n<li>Scenographe<\/li>\n<\/ul>\t\t\t\t\t\t<\/div>\n\t\t\t\t\t\n\t\t\t\t\t\t\t\t<\/div>\n\t\t<\/div>\n\t\t<\/div>\n\t\t<\/div>\n\t\t\t\t<\/div>\n\t\t\t\t<\/div>\n\t\t\t\t\t\t<\/div>\n\t\t\t\t\t<\/div>\n\t\t<\/div>\n\t\t\t\t<div class=\"elementor-column elementor-col-33 elementor-top-column elementor-element elementor-element-55e8eb64\" data-id=\"55e8eb64\" data-element_type=\"column\">\n\t\t\t<div class=\"elementor-column-wrap elementor-element-populated\">\n\t\t\t\t\t\t\t<div class=\"elementor-widget-wrap\">\n\t\t\t\t\t\t<div class=\"elementor-element elementor-element-11ee61dc elementor-flip-box--effect-fade elementor-widget elementor-widget-flip-box\" data-id=\"11ee61dc\" data-element_type=\"widget\" data-widget_type=\"flip-box.default\">\n\t\t\t\t<div class=\"elementor-widget-container\">\n\t\t\t\t\t<div class=\"elementor-flip-box\">\n\t\t\t<div class=\"elementor-flip-box__layer elementor-flip-box__front\">\n\t\t\t\t<div class=\"elementor-flip-box__layer__overlay\">\n\t\t\t\t\t<div class=\"elementor-flip-box__layer__inner\">\n\t\t\t\t\t\t\t\t\t\t\t\t\t<div class=\"elementor-icon-wrapper elementor-view-default\">\n\t\t\t\t\t\t\t\t<div class=\"elementor-icon\">\n\t\t\t\t\t\t\t\t\t<i class=\"fas fa-wrench\"><\/i>\t\t\t\t\t\t\t\t<\/div>\n\t\t\t\t\t\t\t<\/div>\n\t\t\t\t\t\t\n\t\t\t\t\t\t\t\t\t\t\t\t\t<h3 class=\"elementor-flip-box__layer__title\">\n\t\t\t\t\t\t\t\tPRODUCTION<br>TECHNIQUE\t\t\t\t\t\t\t<\/h3>\n\t\t\t\t\t\t\n\t\t\t\t\t\t\t\t\t\t\t<\/div>\n\t\t\t\t<\/div>\n\t\t\t<\/div>\n\t\t\t<div class=\"elementor-flip-box__layer elementor-flip-box__back\">\n\t\t\t<div class=\"elementor-flip-box__layer__overlay\">\n\t\t\t\t<div class=\"elementor-flip-box__layer__inner\">\n\t\t\t\t\t\n\t\t\t\t\t\t\t\t\t\t\t<div class=\"elementor-flip-box__layer__description\">\n\t\t\t\t\t\t\t<ul>\n<li>Directeur de Production<\/li>\n<li>Comptable<\/li>\n<li>Assistant Artistique \/ Production<\/li>\n<li>Directeur Technique<\/li>\n<li>Gestionnaire De Projet<\/li>\n<li>Gr\u00e9eur<\/li>\n<\/ul>\t\t\t\t\t\t<\/div>\n\t\t\t\t\t\n\t\t\t\t\t\t\t\t<\/div>\n\t\t<\/div>\n\t\t<\/div>\n\t\t<\/div>\n\t\t\t\t<\/div>\n\t\t\t\t<\/div>\n\t\t\t\t\t\t<\/div>\n\t\t\t\t\t<\/div>\n\t\t<\/div>\n\t\t\t\t\t\t\t\t<\/div>\n\t\t\t\t\t<\/div>\n\t\t<\/section>\n\t\t\t\t\t\t<\/div>\n\t\t\t\t\t\t<\/div>\n\t\t\t\t\t<\/div>","protected":false},"excerpt":{"rendered":"<p>Referrals INTERNATIONAL CASTING AGENCY ICA specialize in circus arts, athletes, dancers, actors, musicians and singers. It&#8217;s continually developing the highest quality, independent database of performers in the world, in order to provide the best in talent and casting services on the market. ARTISTIC Costume Designer Composers Make-Up Artist Voice Coach Artistic Coach Acrobatic Coach Lighting &hellip;<\/p>\n<p class=\"read-more\"> <a class=\"\" href=\"https:\/\/sparcintl.com\/fr\/referrals-artistically-technically-production-performing-arts-consultants-sparc-intl\/\"> <span class=\"screen-reader-text\">R\u00e9f\u00e9rences<\/span> Lire la suite\u00a0\u00bb<\/a><\/p>","protected":false},"author":1,"featured_media":0,"parent":0,"menu_order":0,"comment_status":"closed","ping_status":"closed","template":"","meta":[],"yoast_head":"<!-- This site is optimized with the Yoast SEO plugin v16.7 - https:\/\/yoast.com\/wordpress\/plugins\/seo\/ -->\n<title>Referrals - Performing Arts Consultants - Sparc Intl<\/title>\n<meta name=\"description\" content=\"Providing best international expertise in the Entertainment Industry to ensure great achievements artistically, technically and production.\" \/>\n<meta name=\"robots\" content=\"index, follow, max-snippet:-1, max-image-preview:large, max-video-preview:-1\" \/>\n<link rel=\"canonical\" href=\"https:\/\/sparcintl.com\/fr\/referrals-artistically-technically-production-performing-arts-consultants-sparc-intl\/\" \/>\n<meta property=\"og:locale\" content=\"fr_CA\" \/>\n<meta property=\"og:type\" content=\"article\" \/>\n<meta property=\"og:title\" content=\"Stage Perforning Artst Consultant\" \/>\n<meta property=\"og:description\" content=\"We provide services to all live entertainment companies regardless of size. We guide individuals and groups to achieve their goal of excellence and accompany them in their journey in the Live Entertainment Industry.\" \/>\n<meta property=\"og:url\" content=\"https:\/\/sparcintl.com\/fr\/referrals-artistically-technically-production-performing-arts-consultants-sparc-intl\/\" \/>\n<meta property=\"og:site_name\" content=\"Sparc Intl\" \/>\n<meta property=\"article:modified_time\" content=\"2020-12-04T13:06:50+00:00\" \/>\n<meta property=\"og:image\" content=\"https:\/\/sparcintl.com\/wp-content\/uploads\/2020\/09\/Sparc_logo01-e1601859003541.png\" \/>\n\t<meta property=\"og:image:width\" content=\"300\" \/>\n\t<meta property=\"og:image:height\" content=\"300\" \/>\n<meta name=\"twitter:card\" content=\"summary_large_image\" \/>\n<meta name=\"twitter:title\" content=\"Stage Performing Arts Consultant\" \/>\n<meta name=\"twitter:description\" content=\"We provide services to all live entertainment companies regardless of size. We guide individuals and groups to achieve their goal of excellence and accompany them in their journey in the Live Entertainment Industry.\" \/>\n<meta name=\"twitter:image\" content=\"https:\/\/sparcintl.com\/wp-content\/uploads\/2020\/09\/Sparc_logo01-e1601859003541.png\" \/>\n<script type=\"application\/ld+json\" class=\"yoast-schema-graph\">{\"@context\":\"https:\/\/schema.org\",\"@graph\":[{\"@type\":\"Organization\",\"@id\":\"https:\/\/sparcintl.com\/#organization\",\"name\":\"Sparc International\",\"url\":\"https:\/\/sparcintl.com\/\",\"sameAs\":[],\"logo\":{\"@type\":\"ImageObject\",\"@id\":\"https:\/\/sparcintl.com\/#logo\",\"inLanguage\":\"fr-CA\",\"url\":\"\",\"contentUrl\":\"\",\"caption\":\"Sparc International\"},\"image\":{\"@id\":\"https:\/\/sparcintl.com\/#logo\"}},{\"@type\":\"WebSite\",\"@id\":\"https:\/\/sparcintl.com\/#website\",\"url\":\"https:\/\/sparcintl.com\/\",\"name\":\"Sparc Intl\",\"description\":\"Performing Arts Consultants\",\"publisher\":{\"@id\":\"https:\/\/sparcintl.com\/#organization\"},\"potentialAction\":[{\"@type\":\"SearchAction\",\"target\":{\"@type\":\"EntryPoint\",\"urlTemplate\":\"https:\/\/sparcintl.com\/?s={search_term_string}\"},\"query-input\":\"required name=search_term_string\"}],\"inLanguage\":\"fr-CA\"},{\"@type\":\"ImageObject\",\"@id\":\"https:\/\/sparcintl.com\/referrals-artistically-technically-production-performing-arts-consultants-sparc-intl\/#primaryimage\",\"inLanguage\":\"fr-CA\",\"url\":\"https:\/\/sparcintl.com\/wp-content\/uploads\/2020\/09\/Sparc_logo01-e1601859003541.png\",\"contentUrl\":\"https:\/\/sparcintl.com\/wp-content\/uploads\/2020\/09\/Sparc_logo01-e1601859003541.png\",\"width\":300,\"height\":300},{\"@type\":\"WebPage\",\"@id\":\"https:\/\/sparcintl.com\/referrals-artistically-technically-production-performing-arts-consultants-sparc-intl\/#webpage\",\"url\":\"https:\/\/sparcintl.com\/referrals-artistically-technically-production-performing-arts-consultants-sparc-intl\/\",\"name\":\"Referrals - Performing Arts Consultants - Sparc Intl\",\"isPartOf\":{\"@id\":\"https:\/\/sparcintl.com\/#website\"},\"primaryImageOfPage\":{\"@id\":\"https:\/\/sparcintl.com\/referrals-artistically-technically-production-performing-arts-consultants-sparc-intl\/#primaryimage\"},\"datePublished\":\"2020-09-01T09:35:37+00:00\",\"dateModified\":\"2020-12-04T13:06:50+00:00\",\"description\":\"Providing best international expertise in the Entertainment Industry to ensure great achievements artistically, technically and production.\",\"breadcrumb\":{\"@id\":\"https:\/\/sparcintl.com\/referrals-artistically-technically-production-performing-arts-consultants-sparc-intl\/#breadcrumb\"},\"inLanguage\":\"fr-CA\",\"potentialAction\":[{\"@type\":\"ReadAction\",\"target\":[\"https:\/\/sparcintl.com\/referrals-artistically-technically-production-performing-arts-consultants-sparc-intl\/\"]}]},{\"@type\":\"BreadcrumbList\",\"@id\":\"https:\/\/sparcintl.com\/referrals-artistically-technically-production-performing-arts-consultants-sparc-intl\/#breadcrumb\",\"itemListElement\":[{\"@type\":\"ListItem\",\"position\":1,\"name\":\"Home\",\"item\":\"https:\/\/sparcintl.com\/\"},{\"@type\":\"ListItem\",\"position\":2,\"name\":\"Referrals\"}]}]}<\/script>\n<!-- \/ Yoast SEO plugin. -->","yoast_head_json":{"title":"Referrals - Performing Arts Consultants - Sparc Intl","description":"Providing best international expertise in the Entertainment Industry to ensure great achievements artistically, technically and production.","robots":{"index":"index","follow":"follow","max-snippet":"max-snippet:-1","max-image-preview":"max-image-preview:large","max-video-preview":"max-video-preview:-1"},"canonical":"https:\/\/sparcintl.com\/fr\/referrals-artistically-technically-production-performing-arts-consultants-sparc-intl\/","og_locale":"fr_CA","og_type":"article","og_title":"Stage Perforning Artst Consultant","og_description":"We provide services to all live entertainment companies regardless of size. We guide individuals and groups to achieve their goal of excellence and accompany them in their journey in the Live Entertainment Industry.","og_url":"https:\/\/sparcintl.com\/fr\/referrals-artistically-technically-production-performing-arts-consultants-sparc-intl\/","og_site_name":"Sparc Intl","article_modified_time":"2020-12-04T13:06:50+00:00","og_image":[{"width":300,"height":300,"url":"https:\/\/sparcintl.com\/wp-content\/uploads\/2020\/09\/Sparc_logo01-e1601859003541.png","path":"\/home2\/kwotades\/public_html\/sparcintl\/wp-content\/uploads\/2020\/09\/Sparc_logo01-e1601859003541.png","size":"full","id":"615","alt":"","pixels":90000,"type":"image\/png"}],"twitter_card":"summary_large_image","twitter_title":"Stage Performing Arts Consultant","twitter_description":"We provide services to all live entertainment companies regardless of size. We guide individuals and groups to achieve their goal of excellence and accompany them in their journey in the Live Entertainment Industry.","twitter_image":"https:\/\/sparcintl.com\/wp-content\/uploads\/2020\/09\/Sparc_logo01-e1601859003541.png","schema":{"@context":"https:\/\/schema.org","@graph":[{"@type":"Organization","@id":"https:\/\/sparcintl.com\/#organization","name":"Sparc International","url":"https:\/\/sparcintl.com\/","sameAs":[],"logo":{"@type":"ImageObject","@id":"https:\/\/sparcintl.com\/#logo","inLanguage":"fr-CA","url":"","contentUrl":"","caption":"Sparc International"},"image":{"@id":"https:\/\/sparcintl.com\/#logo"}},{"@type":"WebSite","@id":"https:\/\/sparcintl.com\/#website","url":"https:\/\/sparcintl.com\/","name":"Sparc Intl","description":"Performing Arts Consultants","publisher":{"@id":"https:\/\/sparcintl.com\/#organization"},"potentialAction":[{"@type":"SearchAction","target":{"@type":"EntryPoint","urlTemplate":"https:\/\/sparcintl.com\/?s={search_term_string}"},"query-input":"required name=search_term_string"}],"inLanguage":"fr-CA"},{"@type":"ImageObject","@id":"https:\/\/sparcintl.com\/referrals-artistically-technically-production-performing-arts-consultants-sparc-intl\/#primaryimage","inLanguage":"fr-CA","url":"https:\/\/sparcintl.com\/wp-content\/uploads\/2020\/09\/Sparc_logo01-e1601859003541.png","contentUrl":"https:\/\/sparcintl.com\/wp-content\/uploads\/2020\/09\/Sparc_logo01-e1601859003541.png","width":300,"height":300},{"@type":"WebPage","@id":"https:\/\/sparcintl.com\/referrals-artistically-technically-production-performing-arts-consultants-sparc-intl\/#webpage","url":"https:\/\/sparcintl.com\/referrals-artistically-technically-production-performing-arts-consultants-sparc-intl\/","name":"Referrals - Performing Arts Consultants - Sparc Intl","isPartOf":{"@id":"https:\/\/sparcintl.com\/#website"},"primaryImageOfPage":{"@id":"https:\/\/sparcintl.com\/referrals-artistically-technically-production-performing-arts-consultants-sparc-intl\/#primaryimage"},"datePublished":"2020-09-01T09:35:37+00:00","dateModified":"2020-12-04T13:06:50+00:00","description":"Providing best international expertise in the Entertainment Industry to ensure great achievements artistically, technically and production.","breadcrumb":{"@id":"https:\/\/sparcintl.com\/referrals-artistically-technically-production-performing-arts-consultants-sparc-intl\/#breadcrumb"},"inLanguage":"fr-CA","potentialAction":[{"@type":"ReadAction","target":["https:\/\/sparcintl.com\/referrals-artistically-technically-production-performing-arts-consultants-sparc-intl\/"]}]},{"@type":"BreadcrumbList","@id":"https:\/\/sparcintl.com\/referrals-artistically-technically-production-performing-arts-consultants-sparc-intl\/#breadcrumb","itemListElement":[{"@type":"ListItem","position":1,"name":"Home","item":"https:\/\/sparcintl.com\/"},{"@type":"ListItem","position":2,"name":"Referrals"}]}]}},"_links":{"self":[{"href":"https:\/\/sparcintl.com\/fr\/wp-json\/wp\/v2\/pages\/442"}],"collection":[{"href":"https:\/\/sparcintl.com\/fr\/wp-json\/wp\/v2\/pages"}],"about":[{"href":"https:\/\/sparcintl.com\/fr\/wp-json\/wp\/v2\/types\/page"}],"author":[{"embeddable":true,"href":"https:\/\/sparcintl.com\/fr\/wp-json\/wp\/v2\/users\/1"}],"replies":[{"embeddable":true,"href":"https:\/\/sparcintl.com\/fr\/wp-json\/wp\/v2\/comments?post=442"}],"version-history":[{"count":30,"href":"https:\/\/sparcintl.com\/fr\/wp-json\/wp\/v2\/pages\/442\/revisions"}],"predecessor-version":[{"id":1182,"href":"https:\/\/sparcintl.com\/fr\/wp-json\/wp\/v2\/pages\/442\/revisions\/1182"}],"wp:attachment":[{"href":"https:\/\/sparcintl.com\/fr\/wp-json\/wp\/v2\/media?parent=442"}],"curies":[{"name":"wp","href":"https:\/\/api.w.org\/{rel}","templated":true}]}}