{"id":246,"date":"2020-07-29T11:12:18","date_gmt":"2020-07-29T11:12:18","guid":{"rendered":"https:\/\/sparcintl.com\/?page_id=246"},"modified":"2021-02-02T17:59:45","modified_gmt":"2021-02-02T17:59:45","slug":"team-edesia-richard-expertise-performing-arts-consultants-sparc-intl","status":"publish","type":"page","link":"https:\/\/sparcintl.com\/fr\/team-edesia-richard-expertise-performing-arts-consultants-sparc-intl\/","title":{"rendered":"Equipe"},"content":{"rendered":"<div data-elementor-type=\"wp-page\" data-elementor-id=\"246\" class=\"elementor elementor-246\" data-elementor-settings=\"[]\">\n\t\t\t\t\t\t<div class=\"elementor-inner\">\n\t\t\t\t\t\t\t<div class=\"elementor-section-wrap\">\n\t\t\t\t\t\t\t<section class=\"elementor-section elementor-top-section elementor-element elementor-element-5131a13e elementor-section-boxed elementor-section-height-default elementor-section-height-default\" data-id=\"5131a13e\" data-element_type=\"section\" data-settings=\"{&quot;background_background&quot;:&quot;classic&quot;}\">\n\t\t\t\t\t\t\t<div class=\"elementor-background-overlay\"><\/div>\n\t\t\t\t\t\t\t<div class=\"elementor-container elementor-column-gap-default\">\n\t\t\t\t\t\t\t<div class=\"elementor-row\">\n\t\t\t\t\t<div class=\"elementor-column elementor-col-100 elementor-top-column elementor-element elementor-element-1053ca7a\" data-id=\"1053ca7a\" data-element_type=\"column\">\n\t\t\t<div class=\"elementor-column-wrap elementor-element-populated\">\n\t\t\t\t\t\t\t<div class=\"elementor-widget-wrap\">\n\t\t\t\t\t\t<div class=\"elementor-element elementor-element-3d99e122 elementor-widget elementor-widget-heading\" data-id=\"3d99e122\" data-element_type=\"widget\" data-widget_type=\"heading.default\">\n\t\t\t\t<div class=\"elementor-widget-container\">\n\t\t\t<h1 class=\"elementor-heading-title elementor-size-default\">Equipe<\/h1>\t\t<\/div>\n\t\t\t\t<\/div>\n\t\t\t\t\t\t<\/div>\n\t\t\t\t\t<\/div>\n\t\t<\/div>\n\t\t\t\t\t\t\t\t<\/div>\n\t\t\t\t\t<\/div>\n\t\t<\/section>\n\t\t\t\t<section class=\"elementor-section elementor-top-section elementor-element elementor-element-40177ae0 elementor-reverse-tablet elementor-reverse-mobile elementor-section-boxed elementor-section-height-default elementor-section-height-default\" data-id=\"40177ae0\" data-element_type=\"section\" data-settings=\"{&quot;background_background&quot;:&quot;classic&quot;}\">\n\t\t\t\t\t\t<div class=\"elementor-container elementor-column-gap-no\">\n\t\t\t\t\t\t\t<div class=\"elementor-row\">\n\t\t\t\t\t<div class=\"elementor-column elementor-col-50 elementor-top-column elementor-element elementor-element-48096891\" data-id=\"48096891\" data-element_type=\"column\">\n\t\t\t<div class=\"elementor-column-wrap elementor-element-populated\">\n\t\t\t\t\t\t\t<div class=\"elementor-widget-wrap\">\n\t\t\t\t\t\t<div class=\"elementor-element elementor-element-2ac8a6c elementor-widget elementor-widget-heading\" data-id=\"2ac8a6c\" data-element_type=\"widget\" data-widget_type=\"heading.default\">\n\t\t\t\t<div class=\"elementor-widget-container\">\n\t\t\t<h2 class=\"elementor-heading-title elementor-size-default\">Edesia Moreno Barata <\/h2>\t\t<\/div>\n\t\t\t\t<\/div>\n\t\t\t\t<div class=\"elementor-element elementor-element-22c1922 elementor-widget elementor-widget-heading\" data-id=\"22c1922\" data-element_type=\"widget\" data-widget_type=\"heading.default\">\n\t\t\t\t<div class=\"elementor-widget-container\">\n\t\t\t<h2 class=\"elementor-heading-title elementor-size-medium\">Co-Fondateur<\/h2>\t\t<\/div>\n\t\t\t\t<\/div>\n\t\t\t\t<div class=\"elementor-element elementor-element-e56ab06 elementor-widget elementor-widget-text-editor\" data-id=\"e56ab06\" data-element_type=\"widget\" data-widget_type=\"text-editor.default\">\n\t\t\t\t<div class=\"elementor-widget-container\">\n\t\t\t\t\t\t\t\t<div class=\"elementor-text-editor elementor-clearfix\">\n\t\t\t\t\t<p>Depuis 2007, Edesia Moreno Barata a collabor\u00e9 en tant que coach artistique, chor\u00e9graphe acrobatique, conceptrice de performances acrobatiques, metteure en sc\u00e8ne et conceptrice d'\u00e9v\u00e9nements pour plus de 40 cr\u00e9ations diff\u00e9rentes \u00e0 travers le monde avec le Cirque du Soleil, 45 DEGREES, Cirque \u2013 \u00c9venements & Exp\u00e9riences, les 7 Doigts de la Main et Friedrichstadt Palast Berlin.<\/p><p>N\u00e9e et grandit \u00e0 Barcelone, Edesia a commenc\u00e9 sa carri\u00e8re en tant qu'athl\u00e8te d'\u00e9lite avec l'\u00e9quipe nationale espagnole de gymnastique rythmique. En 1998, elle est rep\u00e9r\u00e9e par le Cirque du Soleil, qui la recrute comme artiste et, avec qui, elle performera en tourn\u00e9e pendant 10 ans pour les productions de \"Saltimbanco\" et \"Corteo\".<\/p><p>Malgr\u00e9 des temps difficiles en 2020, Edesia devient la Cr\u00e9atrice et Directrice Artistique d'une promenade nocturne interactive, AGORA Path of Light, un parcours d'exp\u00e9riences multim\u00e9dia au Blue Mountain Sky Resort.\u00a0\u00a0<\/p><p>Anim\u00e9e d\u2019une passion contagieuse et n'ayant pas peur de se remettre en question, Edesia a d\u00e9velopp\u00e9 ses comp\u00e9tences uniques alliant le sens de l'organisation, la flexibilit\u00e9, le respect, le leadership, l\u2019esprit d'\u00e9quipe et la cr\u00e9ativit\u00e9.<\/p><p><a href=\"http:\/\/www.edesiam.com\/\" target=\"_blank\" rel=\"noopener\">http:\/\/www.edesiam.com\/<\/a><\/p>\t\t\t\t\t<\/div>\n\t\t\t\t\t\t<\/div>\n\t\t\t\t<\/div>\n\t\t\t\t\t\t<\/div>\n\t\t\t\t\t<\/div>\n\t\t<\/div>\n\t\t\t\t<div class=\"elementor-column elementor-col-50 elementor-top-column elementor-element elementor-element-2828f573\" data-id=\"2828f573\" data-element_type=\"column\">\n\t\t\t<div class=\"elementor-column-wrap elementor-element-populated\">\n\t\t\t\t\t\t\t<div class=\"elementor-widget-wrap\">\n\t\t\t\t\t\t<div class=\"elementor-element elementor-element-681b000 animated-slow elementor-invisible elementor-widget elementor-widget-image\" data-id=\"681b000\" data-element_type=\"widget\" data-settings=\"{&quot;_animation&quot;:&quot;zoomIn&quot;}\" data-widget_type=\"image.default\">\n\t\t\t\t<div class=\"elementor-widget-container\">\n\t\t\t\t\t\t\t\t<div class=\"elementor-image\">\n\t\t\t\t\t\t\t\t\t\t\t\t\t<a href=\"http:\/\/www.edesiam.com\/\" target=\"_blank\">\n\t\t\t\t\t\t\t<img width=\"727\" height=\"699\" src=\"https:\/\/sparcintl.com\/wp-content\/uploads\/2020\/07\/Luzia_FotoEdi_edited_edited.jpg\" class=\"attachment-large size-large\" alt=\"\" loading=\"lazy\" srcset=\"https:\/\/sparcintl.com\/wp-content\/uploads\/2020\/07\/Luzia_FotoEdi_edited_edited.jpg 727w, https:\/\/sparcintl.com\/wp-content\/uploads\/2020\/07\/Luzia_FotoEdi_edited_edited-300x288.jpg 300w\" sizes=\"(max-width: 727px) 100vw, 727px\" \/>\t\t\t\t\t\t\t\t<\/a>\n\t\t\t\t\t\t\t\t\t\t\t\t\t\t<\/div>\n\t\t\t\t\t\t<\/div>\n\t\t\t\t<\/div>\n\t\t\t\t\t\t<\/div>\n\t\t\t\t\t<\/div>\n\t\t<\/div>\n\t\t\t\t\t\t\t\t<\/div>\n\t\t\t\t\t<\/div>\n\t\t<\/section>\n\t\t\t\t<section class=\"elementor-section elementor-top-section elementor-element elementor-element-b6f59ef elementor-section-boxed elementor-section-height-default elementor-section-height-default\" data-id=\"b6f59ef\" data-element_type=\"section\">\n\t\t\t\t\t\t<div class=\"elementor-container elementor-column-gap-no\">\n\t\t\t\t\t\t\t<div class=\"elementor-row\">\n\t\t\t\t\t<div class=\"elementor-column elementor-col-50 elementor-top-column elementor-element elementor-element-21a6c00\" data-id=\"21a6c00\" data-element_type=\"column\">\n\t\t\t<div class=\"elementor-column-wrap elementor-element-populated\">\n\t\t\t\t\t\t\t<div class=\"elementor-widget-wrap\">\n\t\t\t\t\t\t<div class=\"elementor-element elementor-element-dac0e90 animated-slow elementor-invisible elementor-widget elementor-widget-image\" data-id=\"dac0e90\" data-element_type=\"widget\" data-settings=\"{&quot;_animation&quot;:&quot;zoomIn&quot;}\" data-widget_type=\"image.default\">\n\t\t\t\t<div class=\"elementor-widget-container\">\n\t\t\t\t\t\t\t\t<div class=\"elementor-image\">\n\t\t\t\t\t\t\t\t\t\t\t\t<img width=\"626\" height=\"720\" src=\"https:\/\/sparcintl.com\/wp-content\/uploads\/2020\/07\/Richard-1.jpg\" class=\"attachment-full size-full\" alt=\"\" loading=\"lazy\" srcset=\"https:\/\/sparcintl.com\/wp-content\/uploads\/2020\/07\/Richard-1.jpg 626w, https:\/\/sparcintl.com\/wp-content\/uploads\/2020\/07\/Richard-1-261x300.jpg 261w\" sizes=\"(max-width: 626px) 100vw, 626px\" \/>\t\t\t\t\t\t\t\t\t\t\t\t\t\t<\/div>\n\t\t\t\t\t\t<\/div>\n\t\t\t\t<\/div>\n\t\t\t\t\t\t<\/div>\n\t\t\t\t\t<\/div>\n\t\t<\/div>\n\t\t\t\t<div class=\"elementor-column elementor-col-50 elementor-top-column elementor-element elementor-element-0f78f2d\" data-id=\"0f78f2d\" data-element_type=\"column\">\n\t\t\t<div class=\"elementor-column-wrap elementor-element-populated\">\n\t\t\t\t\t\t\t<div class=\"elementor-widget-wrap\">\n\t\t\t\t\t\t<div class=\"elementor-element elementor-element-59c7a9c elementor-widget elementor-widget-heading\" data-id=\"59c7a9c\" data-element_type=\"widget\" data-widget_type=\"heading.default\">\n\t\t\t\t<div class=\"elementor-widget-container\">\n\t\t\t<h2 class=\"elementor-heading-title elementor-size-default\">Richard Dagenais <\/h2>\t\t<\/div>\n\t\t\t\t<\/div>\n\t\t\t\t<div class=\"elementor-element elementor-element-b56c951 elementor-widget elementor-widget-heading\" data-id=\"b56c951\" data-element_type=\"widget\" data-widget_type=\"heading.default\">\n\t\t\t\t<div class=\"elementor-widget-container\">\n\t\t\t<h2 class=\"elementor-heading-title elementor-size-medium\">Co-Fondateur<\/h2>\t\t<\/div>\n\t\t\t\t<\/div>\n\t\t\t\t<div class=\"elementor-element elementor-element-7c7a3a5 elementor-widget elementor-widget-text-editor\" data-id=\"7c7a3a5\" data-element_type=\"widget\" data-widget_type=\"text-editor.default\">\n\t\t\t\t<div class=\"elementor-widget-container\">\n\t\t\t\t\t\t\t\t<div class=\"elementor-text-editor elementor-clearfix\">\n\t\t\t\t\t<p>Avec plus de 35 ans d'exp\u00e9rience et de succ\u00e8s dans les arts de la sc\u00e8ne en tant que directeur de cr\u00e9ation et r\u00e9alisateur, Richard est habile \u00e0 braver la cr\u00e9ation de mani\u00e8re constructive et \u00e0 donner des commentaires objectifs. \u00c9paul\u00e9 de son leadership inn\u00e9, il applique sa capacit\u00e9 d'\u00e9coute intuitive, ses comp\u00e9tences linguistiques et sa communication claire, en tant que coach et mentor, pour responsabiliser les autres avec respect et les aider dans leur cheminement vers la r\u00e9ussite.<\/p><p>N\u00e9 et grandit \u00e0 Montr\u00e9al, ses 10 ans de carri\u00e8re de danseur au Royal Winnipeg Ballet l\u2019ont amen\u00e9 \u00e0 parcourir le monde et \u00e0 travailler avec certains des meilleurs chor\u00e9graphes, aupr\u00e8s de qui il a d\u00e9velopp\u00e9 ses comp\u00e9tences artistiques.<\/p><p>Son mandat au sein de Canadian Actors\u2019 Equity Association l\u2019a amen\u00e9 au front pour la lutte des droits des artistes canadiens, et lui a donn\u00e9 un aper\u00e7u inestimable du c\u00f4t\u00e9 corporatif de l\u2019industrie.<\/p><p>Apr\u00e8s 18 ans au Cirque du Soleil en tant que chef des auditions, directeur artistique principal et directeur principal de la cr\u00e9ation, et \u00e0 peine de retour d'un an \u00e0 Duba\u00ef \u00e0 travailler \u00e0 La Perle de Franco Dragone, le moment est venu pour lui de partager sa vaste expertise et son exp\u00e9rience de vie dans le l'industrie du divertissement en direct avec la nouvelle g\u00e9n\u00e9ration de cr\u00e9ateurs et d'interpr\u00e8tes.<\/p><p><a href=\"https:\/\/www.linkedin.com\/in\/rdagenais\/\">https:\/\/www.linkedin.com\/in\/rdagenais\/<\/a><\/p>\t\t\t\t\t<\/div>\n\t\t\t\t\t\t<\/div>\n\t\t\t\t<\/div>\n\t\t\t\t\t\t<\/div>\n\t\t\t\t\t<\/div>\n\t\t<\/div>\n\t\t\t\t\t\t\t\t<\/div>\n\t\t\t\t\t<\/div>\n\t\t<\/section>\n\t\t\t\t\t\t<\/div>\n\t\t\t\t\t\t<\/div>\n\t\t\t\t\t<\/div>","protected":false},"excerpt":{"rendered":"<p>Our Team Edesia Moreno Barata Co-Founder Since 2007, Edesia Moreno Barata has collaborated as an Artistic Coach, Acrobatic Choreographer, Acrobatic Performance Designer, Stage Director, and Event Designer on more than 40 different creations around the world with Cirque du Soleil, 45 DEGREES, Cirque Events and Experiences, The 7 Fingers and Friedrichstadt Palast Berlin. Born and &hellip;<\/p>\n<p class=\"read-more\"> <a class=\"\" href=\"https:\/\/sparcintl.com\/fr\/team-edesia-richard-expertise-performing-arts-consultants-sparc-intl\/\"> <span class=\"screen-reader-text\">Equipe<\/span> Lire la suite\u00a0\u00bb<\/a><\/p>","protected":false},"author":1,"featured_media":0,"parent":0,"menu_order":0,"comment_status":"closed","ping_status":"closed","template":"","meta":[],"yoast_head":"<!-- This site is optimized with the Yoast SEO plugin v16.7 - https:\/\/yoast.com\/wordpress\/plugins\/seo\/ -->\n<title>Team - Edesia &amp; Richard - Performing Arts Consultants - Sparc Intl<\/title>\n<meta name=\"description\" content=\"We, Edesia &amp; Richard, bring expertise to ensure your career can flourish, your business can thrive and your artistry can grow.\" \/>\n<meta name=\"robots\" content=\"index, follow, max-snippet:-1, max-image-preview:large, max-video-preview:-1\" \/>\n<link rel=\"canonical\" href=\"https:\/\/sparcintl.com\/fr\/team-edesia-richard-expertise-performing-arts-consultants-sparc-intl\/\" \/>\n<meta property=\"og:locale\" content=\"fr_CA\" \/>\n<meta property=\"og:type\" content=\"article\" \/>\n<meta property=\"og:title\" content=\"Stage Performing Arts Consultant\" \/>\n<meta property=\"og:description\" content=\"WITH OVER 60 YEARS OF COMBINED EXPERIENCE IN THE LIVING ARTS, WE BRING A VAST EXPERTISE TO ENSURE YOUR CAREER CAN FLOURISH, YOUR BUSINESS CAN THRIVE AND YOUR ARTISTRY CAN GROW.\" \/>\n<meta property=\"og:url\" content=\"https:\/\/sparcintl.com\/fr\/team-edesia-richard-expertise-performing-arts-consultants-sparc-intl\/\" \/>\n<meta property=\"og:site_name\" content=\"Sparc Intl\" \/>\n<meta property=\"article:modified_time\" content=\"2021-02-02T17:59:45+00:00\" \/>\n<meta property=\"og:image\" content=\"https:\/\/sparcintl.com\/wp-content\/uploads\/2020\/09\/Sparc_logo01-e1601859003541.png\" \/>\n\t<meta property=\"og:image:width\" content=\"300\" \/>\n\t<meta property=\"og:image:height\" content=\"300\" \/>\n<meta name=\"twitter:card\" content=\"summary_large_image\" \/>\n<meta name=\"twitter:title\" content=\"Stage Performing Arts Consultant\" \/>\n<meta name=\"twitter:description\" content=\"WITH OVER 60 YEARS OF COMBINED EXPERIENCE IN THE LIVING ARTS, WE BRING A VAST EXPERTISE TO ENSURE YOUR CAREER CAN FLOURISH, YOUR BUSINESS CAN THRIVE AND YOUR ARTISTRY CAN GROW.\" \/>\n<meta name=\"twitter:image\" content=\"https:\/\/sparcintl.com\/wp-content\/uploads\/2020\/09\/Sparc_logo01-e1601859003541.png\" \/>\n<meta name=\"twitter:label1\" content=\"Estimation du temps de lecture\" \/>\n\t<meta name=\"twitter:data1\" content=\"2 minutes\" \/>\n<script type=\"application\/ld+json\" class=\"yoast-schema-graph\">{\"@context\":\"https:\/\/schema.org\",\"@graph\":[{\"@type\":\"Organization\",\"@id\":\"https:\/\/sparcintl.com\/#organization\",\"name\":\"Sparc International\",\"url\":\"https:\/\/sparcintl.com\/\",\"sameAs\":[],\"logo\":{\"@type\":\"ImageObject\",\"@id\":\"https:\/\/sparcintl.com\/#logo\",\"inLanguage\":\"fr-CA\",\"url\":\"\",\"contentUrl\":\"\",\"caption\":\"Sparc International\"},\"image\":{\"@id\":\"https:\/\/sparcintl.com\/#logo\"}},{\"@type\":\"WebSite\",\"@id\":\"https:\/\/sparcintl.com\/#website\",\"url\":\"https:\/\/sparcintl.com\/\",\"name\":\"Sparc Intl\",\"description\":\"Performing Arts Consultants\",\"publisher\":{\"@id\":\"https:\/\/sparcintl.com\/#organization\"},\"potentialAction\":[{\"@type\":\"SearchAction\",\"target\":{\"@type\":\"EntryPoint\",\"urlTemplate\":\"https:\/\/sparcintl.com\/?s={search_term_string}\"},\"query-input\":\"required name=search_term_string\"}],\"inLanguage\":\"fr-CA\"},{\"@type\":\"ImageObject\",\"@id\":\"https:\/\/sparcintl.com\/team-edesia-richard-expertise-performing-arts-consultants-sparc-intl\/#primaryimage\",\"inLanguage\":\"fr-CA\",\"url\":\"https:\/\/sparcintl.com\/wp-content\/uploads\/2020\/09\/Sparc_logo01-e1601859003541.png\",\"contentUrl\":\"https:\/\/sparcintl.com\/wp-content\/uploads\/2020\/09\/Sparc_logo01-e1601859003541.png\",\"width\":300,\"height\":300},{\"@type\":\"WebPage\",\"@id\":\"https:\/\/sparcintl.com\/team-edesia-richard-expertise-performing-arts-consultants-sparc-intl\/#webpage\",\"url\":\"https:\/\/sparcintl.com\/team-edesia-richard-expertise-performing-arts-consultants-sparc-intl\/\",\"name\":\"Team - Edesia & Richard - Performing Arts Consultants - Sparc Intl\",\"isPartOf\":{\"@id\":\"https:\/\/sparcintl.com\/#website\"},\"primaryImageOfPage\":{\"@id\":\"https:\/\/sparcintl.com\/team-edesia-richard-expertise-performing-arts-consultants-sparc-intl\/#primaryimage\"},\"datePublished\":\"2020-07-29T11:12:18+00:00\",\"dateModified\":\"2021-02-02T17:59:45+00:00\",\"description\":\"We, Edesia & Richard, bring expertise to ensure your career can flourish, your business can thrive and your artistry can grow.\",\"breadcrumb\":{\"@id\":\"https:\/\/sparcintl.com\/team-edesia-richard-expertise-performing-arts-consultants-sparc-intl\/#breadcrumb\"},\"inLanguage\":\"fr-CA\",\"potentialAction\":[{\"@type\":\"ReadAction\",\"target\":[\"https:\/\/sparcintl.com\/team-edesia-richard-expertise-performing-arts-consultants-sparc-intl\/\"]}]},{\"@type\":\"BreadcrumbList\",\"@id\":\"https:\/\/sparcintl.com\/team-edesia-richard-expertise-performing-arts-consultants-sparc-intl\/#breadcrumb\",\"itemListElement\":[{\"@type\":\"ListItem\",\"position\":1,\"name\":\"Home\",\"item\":\"https:\/\/sparcintl.com\/\"},{\"@type\":\"ListItem\",\"position\":2,\"name\":\"Team\"}]}]}<\/script>\n<!-- \/ Yoast SEO plugin. -->","yoast_head_json":{"title":"Team - Edesia & Richard - Performing Arts Consultants - Sparc Intl","description":"We, Edesia & Richard, bring expertise to ensure your career can flourish, your business can thrive and your artistry can grow.","robots":{"index":"index","follow":"follow","max-snippet":"max-snippet:-1","max-image-preview":"max-image-preview:large","max-video-preview":"max-video-preview:-1"},"canonical":"https:\/\/sparcintl.com\/fr\/team-edesia-richard-expertise-performing-arts-consultants-sparc-intl\/","og_locale":"fr_CA","og_type":"article","og_title":"Stage Performing Arts Consultant","og_description":"WITH OVER 60 YEARS OF COMBINED EXPERIENCE IN THE LIVING ARTS, WE BRING A VAST EXPERTISE TO ENSURE YOUR CAREER CAN FLOURISH, YOUR BUSINESS CAN THRIVE AND YOUR ARTISTRY CAN GROW.","og_url":"https:\/\/sparcintl.com\/fr\/team-edesia-richard-expertise-performing-arts-consultants-sparc-intl\/","og_site_name":"Sparc Intl","article_modified_time":"2021-02-02T17:59:45+00:00","og_image":[{"width":300,"height":300,"url":"https:\/\/sparcintl.com\/wp-content\/uploads\/2020\/09\/Sparc_logo01-e1601859003541.png","path":"\/home\/sparcintl\/public_html\/wp-content\/uploads\/2020\/09\/Sparc_logo01-e1601859003541.png","size":"full","id":"615","alt":"","pixels":90000,"type":"image\/png"}],"twitter_card":"summary_large_image","twitter_title":"Stage Performing Arts Consultant","twitter_description":"WITH OVER 60 YEARS OF COMBINED EXPERIENCE IN THE LIVING ARTS, WE BRING A VAST EXPERTISE TO ENSURE YOUR CAREER CAN FLOURISH, YOUR BUSINESS CAN THRIVE AND YOUR ARTISTRY CAN GROW.","twitter_image":"https:\/\/sparcintl.com\/wp-content\/uploads\/2020\/09\/Sparc_logo01-e1601859003541.png","twitter_misc":{"Estimation du temps de lecture":"2 minutes"},"schema":{"@context":"https:\/\/schema.org","@graph":[{"@type":"Organization","@id":"https:\/\/sparcintl.com\/#organization","name":"Sparc International","url":"https:\/\/sparcintl.com\/","sameAs":[],"logo":{"@type":"ImageObject","@id":"https:\/\/sparcintl.com\/#logo","inLanguage":"fr-CA","url":"","contentUrl":"","caption":"Sparc International"},"image":{"@id":"https:\/\/sparcintl.com\/#logo"}},{"@type":"WebSite","@id":"https:\/\/sparcintl.com\/#website","url":"https:\/\/sparcintl.com\/","name":"Sparc Intl","description":"Performing Arts Consultants","publisher":{"@id":"https:\/\/sparcintl.com\/#organization"},"potentialAction":[{"@type":"SearchAction","target":{"@type":"EntryPoint","urlTemplate":"https:\/\/sparcintl.com\/?s={search_term_string}"},"query-input":"required name=search_term_string"}],"inLanguage":"fr-CA"},{"@type":"ImageObject","@id":"https:\/\/sparcintl.com\/team-edesia-richard-expertise-performing-arts-consultants-sparc-intl\/#primaryimage","inLanguage":"fr-CA","url":"https:\/\/sparcintl.com\/wp-content\/uploads\/2020\/09\/Sparc_logo01-e1601859003541.png","contentUrl":"https:\/\/sparcintl.com\/wp-content\/uploads\/2020\/09\/Sparc_logo01-e1601859003541.png","width":300,"height":300},{"@type":"WebPage","@id":"https:\/\/sparcintl.com\/team-edesia-richard-expertise-performing-arts-consultants-sparc-intl\/#webpage","url":"https:\/\/sparcintl.com\/team-edesia-richard-expertise-performing-arts-consultants-sparc-intl\/","name":"Team - Edesia & Richard - Performing Arts Consultants - Sparc Intl","isPartOf":{"@id":"https:\/\/sparcintl.com\/#website"},"primaryImageOfPage":{"@id":"https:\/\/sparcintl.com\/team-edesia-richard-expertise-performing-arts-consultants-sparc-intl\/#primaryimage"},"datePublished":"2020-07-29T11:12:18+00:00","dateModified":"2021-02-02T17:59:45+00:00","description":"We, Edesia & Richard, bring expertise to ensure your career can flourish, your business can thrive and your artistry can grow.","breadcrumb":{"@id":"https:\/\/sparcintl.com\/team-edesia-richard-expertise-performing-arts-consultants-sparc-intl\/#breadcrumb"},"inLanguage":"fr-CA","potentialAction":[{"@type":"ReadAction","target":["https:\/\/sparcintl.com\/team-edesia-richard-expertise-performing-arts-consultants-sparc-intl\/"]}]},{"@type":"BreadcrumbList","@id":"https:\/\/sparcintl.com\/team-edesia-richard-expertise-performing-arts-consultants-sparc-intl\/#breadcrumb","itemListElement":[{"@type":"ListItem","position":1,"name":"Home","item":"https:\/\/sparcintl.com\/"},{"@type":"ListItem","position":2,"name":"Team"}]}]}},"_links":{"self":[{"href":"https:\/\/sparcintl.com\/fr\/wp-json\/wp\/v2\/pages\/246"}],"collection":[{"href":"https:\/\/sparcintl.com\/fr\/wp-json\/wp\/v2\/pages"}],"about":[{"href":"https:\/\/sparcintl.com\/fr\/wp-json\/wp\/v2\/types\/page"}],"author":[{"embeddable":true,"href":"https:\/\/sparcintl.com\/fr\/wp-json\/wp\/v2\/users\/1"}],"replies":[{"embeddable":true,"href":"https:\/\/sparcintl.com\/fr\/wp-json\/wp\/v2\/comments?post=246"}],"version-history":[{"count":33,"href":"https:\/\/sparcintl.com\/fr\/wp-json\/wp\/v2\/pages\/246\/revisions"}],"predecessor-version":[{"id":1561,"href":"https:\/\/sparcintl.com\/fr\/wp-json\/wp\/v2\/pages\/246\/revisions\/1561"}],"wp:attachment":[{"href":"https:\/\/sparcintl.com\/fr\/wp-json\/wp\/v2\/media?parent=246"}],"curies":[{"name":"wp","href":"https:\/\/api.w.org\/{rel}","templated":true}]}}