{"id":53,"date":"2020-04-13T11:18:52","date_gmt":"2020-04-13T11:18:52","guid":{"rendered":"https:\/\/sparcintl.com\/about\/"},"modified":"2021-05-11T18:41:48","modified_gmt":"2021-05-11T18:41:48","slug":"about-sparc-performing-arts-consultants-sparc-intl","status":"publish","type":"page","link":"https:\/\/sparcintl.com\/es\/about-sparc-performing-arts-consultants-sparc-intl\/","title":{"rendered":"Acerca de Sparc"},"content":{"rendered":"<div data-elementor-type=\"wp-page\" data-elementor-id=\"53\" class=\"elementor elementor-53\" data-elementor-settings=\"[]\">\n\t\t\t\t\t\t<div class=\"elementor-inner\">\n\t\t\t\t\t\t\t<div class=\"elementor-section-wrap\">\n\t\t\t\t\t\t\t<section class=\"elementor-section elementor-top-section elementor-element elementor-element-5131a13e elementor-section-boxed elementor-section-height-default elementor-section-height-default\" data-id=\"5131a13e\" data-element_type=\"section\" data-settings=\"{&quot;background_background&quot;:&quot;classic&quot;}\">\n\t\t\t\t\t\t\t<div class=\"elementor-background-overlay\"><\/div>\n\t\t\t\t\t\t\t<div class=\"elementor-container elementor-column-gap-default\">\n\t\t\t\t\t\t\t<div class=\"elementor-row\">\n\t\t\t\t\t<div class=\"elementor-column elementor-col-100 elementor-top-column elementor-element elementor-element-1053ca7a\" data-id=\"1053ca7a\" data-element_type=\"column\">\n\t\t\t<div class=\"elementor-column-wrap elementor-element-populated\">\n\t\t\t\t\t\t\t<div class=\"elementor-widget-wrap\">\n\t\t\t\t\t\t<div class=\"elementor-element elementor-element-3d99e122 elementor-widget elementor-widget-heading\" data-id=\"3d99e122\" data-element_type=\"widget\" data-widget_type=\"heading.default\">\n\t\t\t\t<div class=\"elementor-widget-container\">\n\t\t\t<h1 class=\"elementor-heading-title elementor-size-default\">Acerca de Sparc<\/h1>\t\t<\/div>\n\t\t\t\t<\/div>\n\t\t\t\t\t\t<\/div>\n\t\t\t\t\t<\/div>\n\t\t<\/div>\n\t\t\t\t\t\t\t\t<\/div>\n\t\t\t\t\t<\/div>\n\t\t<\/section>\n\t\t\t\t<section class=\"elementor-section elementor-top-section elementor-element elementor-element-40177ae0 elementor-section-boxed elementor-section-height-default elementor-section-height-default\" data-id=\"40177ae0\" data-element_type=\"section\" data-settings=\"{&quot;background_background&quot;:&quot;gradient&quot;}\">\n\t\t\t\t\t\t<div class=\"elementor-container elementor-column-gap-no\">\n\t\t\t\t\t\t\t<div class=\"elementor-row\">\n\t\t\t\t\t<div class=\"elementor-column elementor-col-50 elementor-top-column elementor-element elementor-element-2828f573\" data-id=\"2828f573\" data-element_type=\"column\" data-settings=\"{&quot;background_background&quot;:&quot;classic&quot;}\">\n\t\t\t<div class=\"elementor-column-wrap elementor-element-populated\">\n\t\t\t\t\t<div class=\"elementor-background-overlay\"><\/div>\n\t\t\t\t\t\t\t<div class=\"elementor-widget-wrap\">\n\t\t\t\t\t\t<div class=\"elementor-element elementor-element-68afc23b elementor-widget elementor-widget-heading\" data-id=\"68afc23b\" data-element_type=\"widget\" data-widget_type=\"heading.default\">\n\t\t\t\t<div class=\"elementor-widget-container\">\n\t\t\t<h2 class=\"elementor-heading-title elementor-size-default\">Fundada Agosto 2020<\/h2>\t\t<\/div>\n\t\t\t\t<\/div>\n\t\t\t\t<div class=\"elementor-element elementor-element-ef21346 animated-slow elementor-invisible elementor-widget elementor-widget-image\" data-id=\"ef21346\" data-element_type=\"widget\" data-settings=\"{&quot;_animation&quot;:&quot;zoomIn&quot;}\" data-widget_type=\"image.default\">\n\t\t\t\t<div class=\"elementor-widget-container\">\n\t\t\t\t\t\t\t\t<div class=\"elementor-image\">\n\t\t\t\t\t\t\t\t\t\t\t\t<img width=\"300\" height=\"300\" src=\"https:\/\/sparcintl.com\/wp-content\/uploads\/2020\/09\/Sparc_logo01-e1601859003541.png\" class=\"attachment-large size-large\" alt=\"\" loading=\"lazy\" \/>\t\t\t\t\t\t\t\t\t\t\t\t\t\t<\/div>\n\t\t\t\t\t\t<\/div>\n\t\t\t\t<\/div>\n\t\t\t\t\t\t<\/div>\n\t\t\t\t\t<\/div>\n\t\t<\/div>\n\t\t\t\t<div class=\"elementor-column elementor-col-50 elementor-top-column elementor-element elementor-element-48096891\" data-id=\"48096891\" data-element_type=\"column\">\n\t\t\t<div class=\"elementor-column-wrap elementor-element-populated\">\n\t\t\t\t\t\t\t<div class=\"elementor-widget-wrap\">\n\t\t\t\t\t\t<div class=\"elementor-element elementor-element-44ce5982 elementor-widget elementor-widget-text-editor\" data-id=\"44ce5982\" data-element_type=\"widget\" data-widget_type=\"text-editor.default\">\n\t\t\t\t<div class=\"elementor-widget-container\">\n\t\t\t\t\t\t\t\t<div class=\"elementor-text-editor elementor-clearfix\">\n\t\t\t\t\t<p>\u201cCada uno de nosotros tiene una chispa de vida, y nuestro mejor esfuerzo debe ser encenderla en el otro\" - Kenny Ausubel<\/p>\t\t\t\t\t<\/div>\n\t\t\t\t\t\t<\/div>\n\t\t\t\t<\/div>\n\t\t\t\t<div class=\"elementor-element elementor-element-e56ab06 elementor-widget elementor-widget-text-editor\" data-id=\"e56ab06\" data-element_type=\"widget\" data-widget_type=\"text-editor.default\">\n\t\t\t\t<div class=\"elementor-widget-container\">\n\t\t\t\t\t\t\t\t<div class=\"elementor-text-editor elementor-clearfix\">\n\t\t\t\t\tSparc Intl. naci\u00f3 del encuentro de dos pasiones, dos vocaciones pero con una visi\u00f3n del mundo del entretenimiento. Con una experiencia combinada de 60 a\u00f1os en las artes vivas, nuestra necesidad de compartir nuestras habilidades y experiencia con otros, nos uni\u00f3 y cre\u00f3 una chispa la cual queremos encender en todos aquellos que compartan nuestro amor por el escenario.\n<br><br>\nEl camino m\u00e1s r\u00e1pido entre Espa\u00f1a y Canad\u00e1 es el creativo. Nuestro camino se cruz\u00f3 por primera vez en la gira con Cirque du Soleil y continuamos conect\u00e1ndonos profesionalmente durante los \u00faltimos 15 a\u00f1os. Para nosotros, 2020 es un a\u00f1o de oportunidades y renovaci\u00f3n. Sus desaf\u00edos han acercado a la industria y nos han dejado en claro que volver\u00e1 m\u00e1s fuerte que nunca por una simple raz\u00f3n: los creadores, los artistas int\u00e9rpretes o ejecutantes y el p\u00fablico nunca lo dejar\u00e1n morir. Seremos parte de esta reconstrucci\u00f3n.\t\t\t\t\t<\/div>\n\t\t\t\t\t\t<\/div>\n\t\t\t\t<\/div>\n\t\t\t\t<div class=\"elementor-element elementor-element-4ec76f84 elementor-widget elementor-widget-heading\" data-id=\"4ec76f84\" data-element_type=\"widget\" data-widget_type=\"heading.default\">\n\t\t\t\t<div class=\"elementor-widget-container\">\n\t\t\t<h3 class=\"elementor-heading-title elementor-size-small\">Edesia & Richard<\/h3>\t\t<\/div>\n\t\t\t\t<\/div>\n\t\t\t\t\t\t<\/div>\n\t\t\t\t\t<\/div>\n\t\t<\/div>\n\t\t\t\t\t\t\t\t<\/div>\n\t\t\t\t\t<\/div>\n\t\t<\/section>\n\t\t\t\t<section class=\"elementor-section elementor-top-section elementor-element elementor-element-88095be elementor-section-boxed elementor-section-height-default elementor-section-height-default\" data-id=\"88095be\" data-element_type=\"section\" data-settings=\"{&quot;background_background&quot;:&quot;gradient&quot;}\">\n\t\t\t\t\t\t<div class=\"elementor-container elementor-column-gap-no\">\n\t\t\t\t\t\t\t<div class=\"elementor-row\">\n\t\t\t\t\t<div class=\"elementor-column elementor-col-33 elementor-top-column elementor-element elementor-element-b59566c\" data-id=\"b59566c\" data-element_type=\"column\">\n\t\t\t<div class=\"elementor-column-wrap elementor-element-populated\">\n\t\t\t\t\t\t\t<div class=\"elementor-widget-wrap\">\n\t\t\t\t\t\t<div class=\"elementor-element elementor-element-08f8146 elementor-widget elementor-widget-heading\" data-id=\"08f8146\" data-element_type=\"widget\" data-widget_type=\"heading.default\">\n\t\t\t\t<div class=\"elementor-widget-container\">\n\t\t\t<h2 class=\"elementor-heading-title elementor-size-default\">Misi\u00f3n<\/h2>\t\t<\/div>\n\t\t\t\t<\/div>\n\t\t\t\t<div class=\"elementor-element elementor-element-22d806f elementor-widget elementor-widget-text-editor\" data-id=\"22d806f\" data-element_type=\"widget\" data-widget_type=\"text-editor.default\">\n\t\t\t\t<div class=\"elementor-widget-container\">\n\t\t\t\t\t\t\t\t<div class=\"elementor-text-editor elementor-clearfix\">\n\t\t\t\t\t<p>Compartir nuestra experiencia y conocimiento con el fin de apoyar a la industria del entretenimiento y ayudar a sus artistas para que prosperen en la carrera que elijan.<\/p>\t\t\t\t\t<\/div>\n\t\t\t\t\t\t<\/div>\n\t\t\t\t<\/div>\n\t\t\t\t\t\t<\/div>\n\t\t\t\t\t<\/div>\n\t\t<\/div>\n\t\t\t\t<div class=\"elementor-column elementor-col-33 elementor-top-column elementor-element elementor-element-bca9a20\" data-id=\"bca9a20\" data-element_type=\"column\">\n\t\t\t<div class=\"elementor-column-wrap elementor-element-populated\">\n\t\t\t\t\t\t\t<div class=\"elementor-widget-wrap\">\n\t\t\t\t\t\t<div class=\"elementor-element elementor-element-aa773a3 elementor-widget elementor-widget-heading\" data-id=\"aa773a3\" data-element_type=\"widget\" data-widget_type=\"heading.default\">\n\t\t\t\t<div class=\"elementor-widget-container\">\n\t\t\t<h2 class=\"elementor-heading-title elementor-size-default\">Visi\u00f3n<\/h2>\t\t<\/div>\n\t\t\t\t<\/div>\n\t\t\t\t<div class=\"elementor-element elementor-element-ccbd346 elementor-widget elementor-widget-text-editor\" data-id=\"ccbd346\" data-element_type=\"widget\" data-widget_type=\"text-editor.default\">\n\t\t\t\t<div class=\"elementor-widget-container\">\n\t\t\t\t\t\t\t\t<div class=\"elementor-text-editor elementor-clearfix\">\n\t\t\t\t\t<p>Con 60 a\u00f1os de experiencia combinada en las artes vivas, aportamos una vasta experiencia para garantizar que su carrera prospere, que su negocio prospere y que su arte crezca.<\/p>\t\t\t\t\t<\/div>\n\t\t\t\t\t\t<\/div>\n\t\t\t\t<\/div>\n\t\t\t\t\t\t<\/div>\n\t\t\t\t\t<\/div>\n\t\t<\/div>\n\t\t\t\t<div class=\"elementor-column elementor-col-33 elementor-top-column elementor-element elementor-element-6b0d72f\" data-id=\"6b0d72f\" data-element_type=\"column\">\n\t\t\t<div class=\"elementor-column-wrap elementor-element-populated\">\n\t\t\t\t\t\t\t<div class=\"elementor-widget-wrap\">\n\t\t\t\t\t\t<div class=\"elementor-element elementor-element-30cd69e elementor-widget elementor-widget-heading\" data-id=\"30cd69e\" data-element_type=\"widget\" data-widget_type=\"heading.default\">\n\t\t\t\t<div class=\"elementor-widget-container\">\n\t\t\t<h2 class=\"elementor-heading-title elementor-size-default\">Valores<\/h2>\t\t<\/div>\n\t\t\t\t<\/div>\n\t\t\t\t<div class=\"elementor-element elementor-element-9f92279 elementor-icon-list--layout-traditional elementor-list-item-link-full_width elementor-widget elementor-widget-icon-list\" data-id=\"9f92279\" data-element_type=\"widget\" data-widget_type=\"icon-list.default\">\n\t\t\t\t<div class=\"elementor-widget-container\">\n\t\t\t\t\t<ul class=\"elementor-icon-list-items\">\n\t\t\t\t\t\t\t<li class=\"elementor-icon-list-item\">\n\t\t\t\t\t\t\t\t\t\t\t<span class=\"elementor-icon-list-icon\">\n\t\t\t\t\t\t\t<i aria-hidden=\"true\" class=\"fas fa-caret-right\"><\/i>\t\t\t\t\t\t<\/span>\n\t\t\t\t\t\t\t\t\t\t<span class=\"elementor-icon-list-text\">Pasi\u00f3n<\/span>\n\t\t\t\t\t\t\t\t\t<\/li>\n\t\t\t\t\t\t\t\t<li class=\"elementor-icon-list-item\">\n\t\t\t\t\t\t\t\t\t\t\t<span class=\"elementor-icon-list-icon\">\n\t\t\t\t\t\t\t<i aria-hidden=\"true\" class=\"fas fa-caret-right\"><\/i>\t\t\t\t\t\t<\/span>\n\t\t\t\t\t\t\t\t\t\t<span class=\"elementor-icon-list-text\">Profesionalidad<\/span>\n\t\t\t\t\t\t\t\t\t<\/li>\n\t\t\t\t\t\t\t\t<li class=\"elementor-icon-list-item\">\n\t\t\t\t\t\t\t\t\t\t\t<span class=\"elementor-icon-list-icon\">\n\t\t\t\t\t\t\t<i aria-hidden=\"true\" class=\"fas fa-caret-right\"><\/i>\t\t\t\t\t\t<\/span>\n\t\t\t\t\t\t\t\t\t\t<span class=\"elementor-icon-list-text\">Atenci\u00f3n<\/span>\n\t\t\t\t\t\t\t\t\t<\/li>\n\t\t\t\t\t\t<\/ul>\n\t\t\t\t<\/div>\n\t\t\t\t<\/div>\n\t\t\t\t\t\t<\/div>\n\t\t\t\t\t<\/div>\n\t\t<\/div>\n\t\t\t\t\t\t\t\t<\/div>\n\t\t\t\t\t<\/div>\n\t\t<\/section>\n\t\t\t\t\t\t<\/div>\n\t\t\t\t\t\t<\/div>\n\t\t\t\t\t<\/div>","protected":false},"excerpt":{"rendered":"<p>About Sparc Founded August 2020 \u201cEach of us has a spark of life in us, and our highest endeavour ought to be to set off that spark in one another.\u201d \u2015 Kenny Ausubel Sparc Intl. came to life from the meeting of two passions, two vocations but one vision of the live entertainment world. With &hellip;<\/p>\n<p class=\"read-more\"> <a class=\"\" href=\"https:\/\/sparcintl.com\/es\/about-sparc-performing-arts-consultants-sparc-intl\/\"> <span class=\"screen-reader-text\">Acerca de Sparc<\/span> Leer m\u00e1s &raquo;<\/a><\/p>","protected":false},"author":1,"featured_media":0,"parent":0,"menu_order":0,"comment_status":"closed","ping_status":"closed","template":"","meta":[],"yoast_head":"<!-- This site is optimized with the Yoast SEO plugin v16.7 - https:\/\/yoast.com\/wordpress\/plugins\/seo\/ -->\n<title>About Sparc - Performing Arts Consultants - Sparc Intl<\/title>\n<meta name=\"description\" content=\"Share our expertise and knowledge to support the living art industry and empower its artisans to strive in their chosen career.\" \/>\n<meta name=\"robots\" content=\"index, follow, max-snippet:-1, max-image-preview:large, max-video-preview:-1\" \/>\n<link rel=\"canonical\" href=\"https:\/\/sparcintl.com\/es\/about-sparc-performing-arts-consultants-sparc-intl\/\" \/>\n<meta property=\"og:locale\" content=\"es_ES\" \/>\n<meta property=\"og:type\" content=\"article\" \/>\n<meta property=\"og:title\" content=\"Stage Performing Arts Consultant\" \/>\n<meta property=\"og:description\" content=\"We provide services to all live entertainment companies regardless of size. We guide individuals and groups to achieve their goal of excellence and accompany them in their journey in the Live Entertainment Industry.\" \/>\n<meta property=\"og:url\" content=\"https:\/\/sparcintl.com\/es\/about-sparc-performing-arts-consultants-sparc-intl\/\" \/>\n<meta property=\"og:site_name\" content=\"Sparc Intl\" \/>\n<meta property=\"article:modified_time\" content=\"2021-05-11T18:41:48+00:00\" \/>\n<meta property=\"og:image\" content=\"https:\/\/sparcintl.com\/wp-content\/uploads\/2020\/09\/Sparc_logo01-e1601859003541.png\" \/>\n\t<meta property=\"og:image:width\" content=\"300\" \/>\n\t<meta property=\"og:image:height\" content=\"300\" \/>\n<meta name=\"twitter:card\" content=\"summary_large_image\" \/>\n<meta name=\"twitter:title\" content=\"Stage Performing Arts Consultant\" \/>\n<meta name=\"twitter:description\" content=\"We provide services to all live entertainment companies regardless of size. We guide individuals and groups to achieve their goal of excellence and accompany them in their journey in the Live Entertainment Industry.\" \/>\n<meta name=\"twitter:image\" content=\"https:\/\/sparcintl.com\/wp-content\/uploads\/2020\/09\/Sparc_logo01-e1601859003541.png\" \/>\n<meta name=\"twitter:label1\" content=\"Tiempo de lectura\" \/>\n\t<meta name=\"twitter:data1\" content=\"2 minutos\" \/>\n<script type=\"application\/ld+json\" class=\"yoast-schema-graph\">{\"@context\":\"https:\/\/schema.org\",\"@graph\":[{\"@type\":\"Organization\",\"@id\":\"https:\/\/sparcintl.com\/#organization\",\"name\":\"Sparc International\",\"url\":\"https:\/\/sparcintl.com\/\",\"sameAs\":[],\"logo\":{\"@type\":\"ImageObject\",\"@id\":\"https:\/\/sparcintl.com\/#logo\",\"inLanguage\":\"es\",\"url\":\"\",\"contentUrl\":\"\",\"caption\":\"Sparc International\"},\"image\":{\"@id\":\"https:\/\/sparcintl.com\/#logo\"}},{\"@type\":\"WebSite\",\"@id\":\"https:\/\/sparcintl.com\/#website\",\"url\":\"https:\/\/sparcintl.com\/\",\"name\":\"Sparc Intl\",\"description\":\"Performing Arts Consultants\",\"publisher\":{\"@id\":\"https:\/\/sparcintl.com\/#organization\"},\"potentialAction\":[{\"@type\":\"SearchAction\",\"target\":{\"@type\":\"EntryPoint\",\"urlTemplate\":\"https:\/\/sparcintl.com\/?s={search_term_string}\"},\"query-input\":\"required name=search_term_string\"}],\"inLanguage\":\"es\"},{\"@type\":\"ImageObject\",\"@id\":\"https:\/\/sparcintl.com\/about-sparc-performing-arts-consultants-sparc-intl\/#primaryimage\",\"inLanguage\":\"es\",\"url\":\"https:\/\/sparcintl.com\/wp-content\/uploads\/2020\/09\/Sparc_logo01-e1601859003541.png\",\"contentUrl\":\"https:\/\/sparcintl.com\/wp-content\/uploads\/2020\/09\/Sparc_logo01-e1601859003541.png\",\"width\":300,\"height\":300},{\"@type\":\"WebPage\",\"@id\":\"https:\/\/sparcintl.com\/about-sparc-performing-arts-consultants-sparc-intl\/#webpage\",\"url\":\"https:\/\/sparcintl.com\/about-sparc-performing-arts-consultants-sparc-intl\/\",\"name\":\"About Sparc - Performing Arts Consultants - Sparc Intl\",\"isPartOf\":{\"@id\":\"https:\/\/sparcintl.com\/#website\"},\"primaryImageOfPage\":{\"@id\":\"https:\/\/sparcintl.com\/about-sparc-performing-arts-consultants-sparc-intl\/#primaryimage\"},\"datePublished\":\"2020-04-13T11:18:52+00:00\",\"dateModified\":\"2021-05-11T18:41:48+00:00\",\"description\":\"Share our expertise and knowledge to support the living art industry and empower its artisans to strive in their chosen career.\",\"breadcrumb\":{\"@id\":\"https:\/\/sparcintl.com\/about-sparc-performing-arts-consultants-sparc-intl\/#breadcrumb\"},\"inLanguage\":\"es\",\"potentialAction\":[{\"@type\":\"ReadAction\",\"target\":[\"https:\/\/sparcintl.com\/about-sparc-performing-arts-consultants-sparc-intl\/\"]}]},{\"@type\":\"BreadcrumbList\",\"@id\":\"https:\/\/sparcintl.com\/about-sparc-performing-arts-consultants-sparc-intl\/#breadcrumb\",\"itemListElement\":[{\"@type\":\"ListItem\",\"position\":1,\"name\":\"Home\",\"item\":\"https:\/\/sparcintl.com\/\"},{\"@type\":\"ListItem\",\"position\":2,\"name\":\"About Sparc\"}]}]}<\/script>\n<!-- \/ Yoast SEO plugin. -->","yoast_head_json":{"title":"About Sparc - Performing Arts Consultants - Sparc Intl","description":"Share our expertise and knowledge to support the living art industry and empower its artisans to strive in their chosen career.","robots":{"index":"index","follow":"follow","max-snippet":"max-snippet:-1","max-image-preview":"max-image-preview:large","max-video-preview":"max-video-preview:-1"},"canonical":"https:\/\/sparcintl.com\/es\/about-sparc-performing-arts-consultants-sparc-intl\/","og_locale":"es_ES","og_type":"article","og_title":"Stage Performing Arts Consultant","og_description":"We provide services to all live entertainment companies regardless of size. We guide individuals and groups to achieve their goal of excellence and accompany them in their journey in the Live Entertainment Industry.","og_url":"https:\/\/sparcintl.com\/es\/about-sparc-performing-arts-consultants-sparc-intl\/","og_site_name":"Sparc Intl","article_modified_time":"2021-05-11T18:41:48+00:00","og_image":[{"width":300,"height":300,"url":"https:\/\/sparcintl.com\/wp-content\/uploads\/2020\/09\/Sparc_logo01-e1601859003541.png","path":"\/home\/sparcintl\/public_html\/wp-content\/uploads\/2020\/09\/Sparc_logo01-e1601859003541.png","size":"full","id":"615","alt":"","pixels":90000,"type":"image\/png"}],"twitter_card":"summary_large_image","twitter_title":"Stage Performing Arts Consultant","twitter_description":"We provide services to all live entertainment companies regardless of size. We guide individuals and groups to achieve their goal of excellence and accompany them in their journey in the Live Entertainment Industry.","twitter_image":"https:\/\/sparcintl.com\/wp-content\/uploads\/2020\/09\/Sparc_logo01-e1601859003541.png","twitter_misc":{"Tiempo de lectura":"2 minutos"},"schema":{"@context":"https:\/\/schema.org","@graph":[{"@type":"Organization","@id":"https:\/\/sparcintl.com\/#organization","name":"Sparc International","url":"https:\/\/sparcintl.com\/","sameAs":[],"logo":{"@type":"ImageObject","@id":"https:\/\/sparcintl.com\/#logo","inLanguage":"es","url":"","contentUrl":"","caption":"Sparc International"},"image":{"@id":"https:\/\/sparcintl.com\/#logo"}},{"@type":"WebSite","@id":"https:\/\/sparcintl.com\/#website","url":"https:\/\/sparcintl.com\/","name":"Sparc Intl","description":"Performing Arts Consultants","publisher":{"@id":"https:\/\/sparcintl.com\/#organization"},"potentialAction":[{"@type":"SearchAction","target":{"@type":"EntryPoint","urlTemplate":"https:\/\/sparcintl.com\/?s={search_term_string}"},"query-input":"required name=search_term_string"}],"inLanguage":"es"},{"@type":"ImageObject","@id":"https:\/\/sparcintl.com\/about-sparc-performing-arts-consultants-sparc-intl\/#primaryimage","inLanguage":"es","url":"https:\/\/sparcintl.com\/wp-content\/uploads\/2020\/09\/Sparc_logo01-e1601859003541.png","contentUrl":"https:\/\/sparcintl.com\/wp-content\/uploads\/2020\/09\/Sparc_logo01-e1601859003541.png","width":300,"height":300},{"@type":"WebPage","@id":"https:\/\/sparcintl.com\/about-sparc-performing-arts-consultants-sparc-intl\/#webpage","url":"https:\/\/sparcintl.com\/about-sparc-performing-arts-consultants-sparc-intl\/","name":"About Sparc - Performing Arts Consultants - Sparc Intl","isPartOf":{"@id":"https:\/\/sparcintl.com\/#website"},"primaryImageOfPage":{"@id":"https:\/\/sparcintl.com\/about-sparc-performing-arts-consultants-sparc-intl\/#primaryimage"},"datePublished":"2020-04-13T11:18:52+00:00","dateModified":"2021-05-11T18:41:48+00:00","description":"Share our expertise and knowledge to support the living art industry and empower its artisans to strive in their chosen career.","breadcrumb":{"@id":"https:\/\/sparcintl.com\/about-sparc-performing-arts-consultants-sparc-intl\/#breadcrumb"},"inLanguage":"es","potentialAction":[{"@type":"ReadAction","target":["https:\/\/sparcintl.com\/about-sparc-performing-arts-consultants-sparc-intl\/"]}]},{"@type":"BreadcrumbList","@id":"https:\/\/sparcintl.com\/about-sparc-performing-arts-consultants-sparc-intl\/#breadcrumb","itemListElement":[{"@type":"ListItem","position":1,"name":"Home","item":"https:\/\/sparcintl.com\/"},{"@type":"ListItem","position":2,"name":"About Sparc"}]}]}},"_links":{"self":[{"href":"https:\/\/sparcintl.com\/es\/wp-json\/wp\/v2\/pages\/53"}],"collection":[{"href":"https:\/\/sparcintl.com\/es\/wp-json\/wp\/v2\/pages"}],"about":[{"href":"https:\/\/sparcintl.com\/es\/wp-json\/wp\/v2\/types\/page"}],"author":[{"embeddable":true,"href":"https:\/\/sparcintl.com\/es\/wp-json\/wp\/v2\/users\/1"}],"replies":[{"embeddable":true,"href":"https:\/\/sparcintl.com\/es\/wp-json\/wp\/v2\/comments?post=53"}],"version-history":[{"count":75,"href":"https:\/\/sparcintl.com\/es\/wp-json\/wp\/v2\/pages\/53\/revisions"}],"predecessor-version":[{"id":1670,"href":"https:\/\/sparcintl.com\/es\/wp-json\/wp\/v2\/pages\/53\/revisions\/1670"}],"wp:attachment":[{"href":"https:\/\/sparcintl.com\/es\/wp-json\/wp\/v2\/media?parent=53"}],"curies":[{"name":"wp","href":"https:\/\/api.w.org\/{rel}","templated":true}]}}